{"id":676,"date":"2017-04-20T12:00:13","date_gmt":"2017-04-20T11:00:13","guid":{"rendered":"http:\/\/www.bellecourpatrimoine.fr\/gestion-de-patrimoine\/?page_id=676"},"modified":"2017-04-20T12:38:32","modified_gmt":"2017-04-20T11:38:32","slug":"expatries","status":"publish","type":"page","link":"https:\/\/www.bellecourpatrimoine.fr\/gestion-de-patrimoine\/defiscalisation\/expatries\/","title":{"rendered":"Expatri\u00e9s"},"content":{"rendered":"<p>Vivre \u00e0 l\u2019\u00e9tranger tout en investissant dans l\u2019immobilier en France c\u2019est possible.<\/p>\n<h2><strong>Vous \u00eates expatri\u00e9 ? Vous vivez \u00e0 l\u2019\u00e9tranger ?<\/strong><\/h2>\n<p>Que ce soit pour des raisons personnelles, professionnelles, financi\u00e8res ou fiscales une expatriation d\u00e9bouche souvent sur un retour que vous pouvez pr\u00e9parer \u00e0 distance.<\/p>\n<p>Il arrive parfois que les expatri\u00e9s soient tr\u00e8s pris par leurs activit\u00e9s sur place et que le temps d\u00e9di\u00e9 \u00e0 la pr\u00e9paration de plans d\u2019investissements, de placements ou d\u2019\u00e9pargne manque. Cependant, l\u2019immobilier reste une des valeurs les plus s\u00fbres. En effet, investir dans la pierre en France est beaucoup plus simple que dans certains pays o\u00f9 la propri\u00e9t\u00e9 n\u2019est pas d\u00e9finitive (baux de 99 ans par exemple).<\/p>\n<h2><strong>Investir pour ses proches et pour soi.\u00a0 <\/strong><\/h2>\n<p>Le retour en France ne se fera peut-\u00eatre qu\u2019au bout de quelques ann\u00e9es ou seulement au moment de la retraite. Il est \u00e9galement possible de pr\u00e9parer pour ses enfants un retour (\u00e9tudes sup\u00e9rieures par exemple) et la possession d\u2019un bien peut permettre \u00e0 ces derniers de se consacrer pleinement \u00e0 leurs \u00e9tudes.<\/p>\n<p>Il convient \u00e9galement de prendre en compte une perte de pouvoir d\u2019achat pour l\u2019expatri\u00e9 sur le retour puisqu\u2019\u00e0 salaire \u00e9quivalent, le co\u00fbt de la vie peut \u00eatre bien diff\u00e9rent entre un pays en voie de d\u00e9veloppement et la France. C\u2019est aussi pour cette raison qu\u2019un retour doit \u00eatre pr\u00e9par\u00e9 au plus t\u00f4t et quoi de plus confortable qu\u2019une maison ou un appartement qui vous attend ou qui vous apporte une rente locative ?<\/p>\n<h2><strong>Etre accompagn\u00e9 par des professionnels.\u00a0 <\/strong><\/h2>\n<p>L\u2019expatriation est une aventure en soi et la gestion du patrimoine d\u2019un \u00ab expat \u00bb et de sa famille m\u00e9rite la plus grande attention. Il existe de nombreux param\u00e8tres \u00e0 prendre en compte :<\/p>\n<ul>\n<li>Avant le d\u00e9part (r\u00e9gime matrimonial, vente d\u2019un bien immobilier, gestion des comptes bancaires)<\/li>\n<li>Pendant le s\u00e9jour \u00e0 l\u2019\u00e9tranger (imposition sur les revenus, fiscalit\u00e9, transmission, gestion des avantages r\u00e9serv\u00e9s aux expatri\u00e9s)<\/li>\n<li>D\u00e8s le retour sur le territoire (adresses, plus-values, changements de statut fiscal)<\/li>\n<\/ul>\n<p>Vous vivez \u00e0 l\u2019\u00e9tranger mais souhaitez investir dans l\u2019immobilier en France ? Vous avez pour projet de partir ou vous revenez r\u00e9cemment d\u2019une expatriation ? Un expert de bellecour patrimoine vous conseille et vous accompagne sur toute la proc\u00e9dure en s\u2019adaptant \u00e0 votre profil financier, fiscal et patrimonial.<\/p>\n<p>&nbsp;<\/p>\n","protected":false},"excerpt":{"rendered":"<p>Vivre \u00e0 l\u2019\u00e9tranger tout en investissant dans l\u2019immobilier en France c\u2019est possible. Vous \u00eates expatri\u00e9 ? Vous vivez \u00e0 l\u2019\u00e9tranger ? Que ce soit pour des raisons personnelles, professionnelles, financi\u00e8res ou fiscales une expatriation d\u00e9bouche souvent sur un retour que vous pouvez pr\u00e9parer \u00e0 distance. Il arrive parfois que les expatri\u00e9s soient tr\u00e8s pris par [&hellip;]<\/p>\n","protected":false},"author":2,"featured_media":0,"parent":33,"menu_order":0,"comment_status":"closed","ping_status":"closed","template":"page-templates\/page-right-sidebar.php","meta":[],"_links":{"self":[{"href":"https:\/\/www.bellecourpatrimoine.fr\/gestion-de-patrimoine\/wp-json\/wp\/v2\/pages\/676"}],"collection":[{"href":"https:\/\/www.bellecourpatrimoine.fr\/gestion-de-patrimoine\/wp-json\/wp\/v2\/pages"}],"about":[{"href":"https:\/\/www.bellecourpatrimoine.fr\/gestion-de-patrimoine\/wp-json\/wp\/v2\/types\/page"}],"author":[{"embeddable":true,"href":"https:\/\/www.bellecourpatrimoine.fr\/gestion-de-patrimoine\/wp-json\/wp\/v2\/users\/2"}],"replies":[{"embeddable":true,"href":"https:\/\/www.bellecourpatrimoine.fr\/gestion-de-patrimoine\/wp-json\/wp\/v2\/comments?post=676"}],"version-history":[{"count":4,"href":"https:\/\/www.bellecourpatrimoine.fr\/gestion-de-patrimoine\/wp-json\/wp\/v2\/pages\/676\/revisions"}],"predecessor-version":[{"id":681,"href":"https:\/\/www.bellecourpatrimoine.fr\/gestion-de-patrimoine\/wp-json\/wp\/v2\/pages\/676\/revisions\/681"}],"up":[{"embeddable":true,"href":"https:\/\/www.bellecourpatrimoine.fr\/gestion-de-patrimoine\/wp-json\/wp\/v2\/pages\/33"}],"wp:attachment":[{"href":"https:\/\/www.bellecourpatrimoine.fr\/gestion-de-patrimoine\/wp-json\/wp\/v2\/media?parent=676"}],"curies":[{"name":"wp","href":"https:\/\/api.w.org\/{rel}","templated":true}]}}