{"id":599,"date":"2017-03-18T00:09:14","date_gmt":"2017-03-17T23:09:14","guid":{"rendered":"http:\/\/www.bellecourpatrimoine.fr\/gestion-de-patrimoine\/?page_id=599"},"modified":"2017-03-20T22:47:39","modified_gmt":"2017-03-20T21:47:39","slug":"ilot-cordeliers-loi-malraux-t2-t3-122-850-e","status":"publish","type":"page","link":"https:\/\/www.bellecourpatrimoine.fr\/gestion-de-patrimoine\/biens-a-la-vente\/france\/ilot-cordeliers-loi-malraux-t2-t3-122-850-e\/","title":{"rendered":"\u00celot des Cordeliers &#8211; Loi Malraux &#8211; T2 \/ T3- D\u00e8s 122 850 \u20ac"},"content":{"rendered":"<h2 class=\"titre\" title=\"locatif\">Programme \u00celot des Cordeliers<\/h2>\n<div class=\"paragraphe\">\n<div class=\"page\" title=\"Page 1\">\n<div class=\"section\">\n<div class=\"layoutArea\">\n<div class=\"column\">\n<div class=\"columns large-5 medium-6 small-12\">\n<p>Un paysage tout droit sorti d&rsquo;une peinture du XIX \u00e8me, un \u00eelot au c\u0153ur de Ch\u00e2tellerault\u00a0aux confins du Poitou et de la Touraine, le cadre de cette op\u00e9ration ne saurait \u00eatre plus enchanteur.<\/p>\n<p>Dans un immeuble en Secteur Sauvegard\u00e9, situ\u00e9 Quai Napol\u00e9on Ier, le projet consiste en la restauration (en Loi Malraux) de L\u2019ilot des Cordeliers (avantage auquel s&rsquo;ajoute une subventions ANAH).<\/p>\n<p>Le projet, largement appuy\u00e9 par la municipalit\u00e9 actuelle, vise \u00e0 mettre en valeur la richesse architecturale de la ville en r\u00e9habilitant cet ensemble tel qu\u2019il \u00e9tait \u00e0 son origine historique. Situ\u00e9 au niveau du pont Henri IV, L\u2019ilot offre un cadre de vie privil\u00e9gi\u00e9 sur les bords de la Vienne.<\/p>\n<p>Ch\u00e2tellerault, 31 000 habitants est \u00e0 la t\u00eate d\u2019une aire urbaine de pr\u00e8s 70 000 habitants. Elle accueille \u00e9galement un grand bassin d\u2019emploi gr\u00e2ce \u00e0 l\u2019implantation de tr\u00e8s grandes entreprises comme les Fonderies du Poitou, Thales Avionics, Fenwick-Linde, Snecma A\u00e9ronautique, Magneti-Marelli ou bien encore Valeo et Aigle.<\/p>\n<p>La ville compte \u00e9galement un grand patrimoine civil et industriel comme La Manu, la maison Descartes, le pont Henri IV achev\u00e9 en 1611, le ch\u00e2teau de Targ\u00e9 ou encore l\u2019\u00e9glise Saint-Jacques, situ\u00e9e sur le chemin de Saint-Jacques de Compostelle.<\/p>\n<p>Une tr\u00e8s belle opportunit\u00e9 architecturale, fiscale et financi\u00e8re.<\/p>\n<\/div>\n<\/div>\n<\/div>\n<div class=\"layoutArea\">\n<address>\u00a0<\/address>\n<\/div>\n<\/div>\n<\/div>\n<\/div>\n","protected":false},"excerpt":{"rendered":"<p>Programme \u00celot des Cordeliers Un paysage tout droit sorti d&rsquo;une peinture du XIX \u00e8me, un \u00eelot au c\u0153ur de Ch\u00e2tellerault\u00a0aux confins du Poitou et de la Touraine, le cadre de cette op\u00e9ration ne saurait \u00eatre plus enchanteur. Dans un immeuble en Secteur Sauvegard\u00e9, situ\u00e9 Quai Napol\u00e9on Ier, le projet consiste en la restauration (en Loi [&hellip;]<\/p>\n","protected":false},"author":2,"featured_media":600,"parent":30,"menu_order":0,"comment_status":"closed","ping_status":"closed","template":"page-templates\/page-right-sidebar.php","meta":[],"_links":{"self":[{"href":"https:\/\/www.bellecourpatrimoine.fr\/gestion-de-patrimoine\/wp-json\/wp\/v2\/pages\/599"}],"collection":[{"href":"https:\/\/www.bellecourpatrimoine.fr\/gestion-de-patrimoine\/wp-json\/wp\/v2\/pages"}],"about":[{"href":"https:\/\/www.bellecourpatrimoine.fr\/gestion-de-patrimoine\/wp-json\/wp\/v2\/types\/page"}],"author":[{"embeddable":true,"href":"https:\/\/www.bellecourpatrimoine.fr\/gestion-de-patrimoine\/wp-json\/wp\/v2\/users\/2"}],"replies":[{"embeddable":true,"href":"https:\/\/www.bellecourpatrimoine.fr\/gestion-de-patrimoine\/wp-json\/wp\/v2\/comments?post=599"}],"version-history":[{"count":2,"href":"https:\/\/www.bellecourpatrimoine.fr\/gestion-de-patrimoine\/wp-json\/wp\/v2\/pages\/599\/revisions"}],"predecessor-version":[{"id":667,"href":"https:\/\/www.bellecourpatrimoine.fr\/gestion-de-patrimoine\/wp-json\/wp\/v2\/pages\/599\/revisions\/667"}],"up":[{"embeddable":true,"href":"https:\/\/www.bellecourpatrimoine.fr\/gestion-de-patrimoine\/wp-json\/wp\/v2\/pages\/30"}],"wp:featuredmedia":[{"embeddable":true,"href":"https:\/\/www.bellecourpatrimoine.fr\/gestion-de-patrimoine\/wp-json\/wp\/v2\/media\/600"}],"wp:attachment":[{"href":"https:\/\/www.bellecourpatrimoine.fr\/gestion-de-patrimoine\/wp-json\/wp\/v2\/media?parent=599"}],"curies":[{"name":"wp","href":"https:\/\/api.w.org\/{rel}","templated":true}]}}