{"id":595,"date":"2017-03-17T23:41:40","date_gmt":"2017-03-17T22:41:40","guid":{"rendered":"http:\/\/www.bellecourpatrimoine.fr\/gestion-de-patrimoine\/?page_id=595"},"modified":"2017-03-20T22:46:10","modified_gmt":"2017-03-20T21:46:10","slug":"dijon-loi-malraux-185-000-e","status":"publish","type":"page","link":"https:\/\/www.bellecourpatrimoine.fr\/gestion-de-patrimoine\/biens-a-la-vente\/france\/dijon-loi-malraux-185-000-e\/","title":{"rendered":"DIJON &#8211; Loi Malraux &#8211; D\u00e8s 185 000 \u20ac"},"content":{"rendered":"<h2 class=\"titre\" title=\"locatif\">Programme Dijon<\/h2>\n<div class=\"paragraphe\">\n<div class=\"page\" title=\"Page 1\">\n<div class=\"section\">\n<div class=\"layoutArea\">\n<div class=\"column\">\n<p>Situ\u00e9e \u00e0 moins de 400m de l\u2019H\u00f4tel de ville et des Halles, en plein c\u0153ur de ville commer\u00e7ant, la r\u00e9sidence de type Haussmannienne est compos\u00e9 de 9 appartements du T2 au T3 Duplex. Une r\u00e9sidence \u00e0 taille humaine, dans l&rsquo;hyper centre d&rsquo;une r\u00e9gion dynamique, le tout \u00e0 10 minutes \u00e0 pieds de la gare.<\/p>\n<p>Dijon se distingue dans la qualit\u00e9 de ses services (hospitalier, administratif) et de son secteur tertiaire important (de nombreux congr\u00e8s s&rsquo;y tiennent tout au long de l&rsquo;ann\u00e9e). Les niveaux scolaire et universitaire sont quant \u00e0 eux hautement reconnus. Une ville familiale, dynamique et sereine, \u00e0 moins de 1h30 de Paris et de Lyon.<\/p>\n<div>Immeuble en secteur sauvegard\u00e9 b\u00e9n\u00e9ficiant du dispositif fiscal Malraux (R\u00e9duction d\u2019imp\u00f4t : R\u00e9gime \u00e0 30%).<\/div>\n<\/div>\n<\/div>\n<div class=\"layoutArea\">\n<address>\u00a0<\/address>\n<\/div>\n<\/div>\n<\/div>\n<\/div>\n","protected":false},"excerpt":{"rendered":"<p>Programme Dijon Situ\u00e9e \u00e0 moins de 400m de l\u2019H\u00f4tel de ville et des Halles, en plein c\u0153ur de ville commer\u00e7ant, la r\u00e9sidence de type Haussmannienne est compos\u00e9 de 9 appartements du T2 au T3 Duplex. Une r\u00e9sidence \u00e0 taille humaine, dans l&rsquo;hyper centre d&rsquo;une r\u00e9gion dynamique, le tout \u00e0 10 minutes \u00e0 pieds de la [&hellip;]<\/p>\n","protected":false},"author":2,"featured_media":596,"parent":30,"menu_order":0,"comment_status":"closed","ping_status":"closed","template":"page-templates\/page-right-sidebar.php","meta":[],"_links":{"self":[{"href":"https:\/\/www.bellecourpatrimoine.fr\/gestion-de-patrimoine\/wp-json\/wp\/v2\/pages\/595"}],"collection":[{"href":"https:\/\/www.bellecourpatrimoine.fr\/gestion-de-patrimoine\/wp-json\/wp\/v2\/pages"}],"about":[{"href":"https:\/\/www.bellecourpatrimoine.fr\/gestion-de-patrimoine\/wp-json\/wp\/v2\/types\/page"}],"author":[{"embeddable":true,"href":"https:\/\/www.bellecourpatrimoine.fr\/gestion-de-patrimoine\/wp-json\/wp\/v2\/users\/2"}],"replies":[{"embeddable":true,"href":"https:\/\/www.bellecourpatrimoine.fr\/gestion-de-patrimoine\/wp-json\/wp\/v2\/comments?post=595"}],"version-history":[{"count":2,"href":"https:\/\/www.bellecourpatrimoine.fr\/gestion-de-patrimoine\/wp-json\/wp\/v2\/pages\/595\/revisions"}],"predecessor-version":[{"id":598,"href":"https:\/\/www.bellecourpatrimoine.fr\/gestion-de-patrimoine\/wp-json\/wp\/v2\/pages\/595\/revisions\/598"}],"up":[{"embeddable":true,"href":"https:\/\/www.bellecourpatrimoine.fr\/gestion-de-patrimoine\/wp-json\/wp\/v2\/pages\/30"}],"wp:featuredmedia":[{"embeddable":true,"href":"https:\/\/www.bellecourpatrimoine.fr\/gestion-de-patrimoine\/wp-json\/wp\/v2\/media\/596"}],"wp:attachment":[{"href":"https:\/\/www.bellecourpatrimoine.fr\/gestion-de-patrimoine\/wp-json\/wp\/v2\/media?parent=595"}],"curies":[{"name":"wp","href":"https:\/\/api.w.org\/{rel}","templated":true}]}}