{"id":590,"date":"2017-03-17T23:23:02","date_gmt":"2017-03-17T22:23:02","guid":{"rendered":"http:\/\/www.bellecourpatrimoine.fr\/gestion-de-patrimoine\/?page_id=590"},"modified":"2017-03-20T22:46:18","modified_gmt":"2017-03-20T21:46:18","slug":"urban-lodge-pays-de-gex-t2-a-t4-loi-pinel-234-000-e","status":"publish","type":"page","link":"https:\/\/www.bellecourpatrimoine.fr\/gestion-de-patrimoine\/biens-a-la-vente\/rhone-alpes\/urban-lodge-pays-de-gex-t2-a-t4-loi-pinel-234-000-e\/","title":{"rendered":"Urban Lodge &#8211; Pays de Gex &#8211; T2 \u00e0 T4 &#8211; Loi Pinel &#8211; 234 000 \u20ac"},"content":{"rendered":"<h2 class=\"titre\" title=\"locatif\">Programme Urban Lodge<\/h2>\n<div class=\"paragraphe\">\n<p>Urban Lodge se distingue avant tout par une localisation id\u00e9ale, \u00e0 la fois limitrophe de la fronti\u00e8re Suisse et proche des grands axes routiers (2 heures de Lyon, 1 heure d&rsquo;Annecy, 20 minutes de Gen\u00e8ve et 15 minutes de l&rsquo;a\u00e9roport).<\/p>\n<p>Les travailleurs transfrontaliers seront enchant\u00e9s par la commune de Saint Genis Pouilly, au c\u0153ur du Pays de Gex, qui poss\u00e8de tous les atouts d\u2019une petite ville localis\u00e9e dans un environnement privil\u00e9gi\u00e9. Durant leur temps libre, de nombreuses infrastructures culturelles comme sportives \u00e0 proximit\u00e9 raviront les plus exigeants.<\/p>\n<\/div>\n<div class=\"paragraphe\">\n<p>La proximit\u00e9 des commerces, de la maison de sant\u00e9 et des \u00e9coles (tous niveaux) combleront les familles, petites et grandes. Les transports en commun sont quant \u00e0 eux \u00e0 deux pas de la r\u00e9sidence (\u00e0 l&rsquo;horizon 2019 un Tramway reliant Gen\u00e8ve est pr\u00e9vu).<\/p>\n<p>Une situation plurielle adapt\u00e9 \u00e0 de nombreux besoins.<\/p>\n<\/div>\n","protected":false},"excerpt":{"rendered":"<p>Programme Urban Lodge Urban Lodge se distingue avant tout par une localisation id\u00e9ale, \u00e0 la fois limitrophe de la fronti\u00e8re Suisse et proche des grands axes routiers (2 heures de Lyon, 1 heure d&rsquo;Annecy, 20 minutes de Gen\u00e8ve et 15 minutes de l&rsquo;a\u00e9roport). Les travailleurs transfrontaliers seront enchant\u00e9s par la commune de Saint Genis Pouilly, [&hellip;]<\/p>\n","protected":false},"author":2,"featured_media":591,"parent":34,"menu_order":0,"comment_status":"closed","ping_status":"closed","template":"page-templates\/page-right-sidebar.php","meta":[],"_links":{"self":[{"href":"https:\/\/www.bellecourpatrimoine.fr\/gestion-de-patrimoine\/wp-json\/wp\/v2\/pages\/590"}],"collection":[{"href":"https:\/\/www.bellecourpatrimoine.fr\/gestion-de-patrimoine\/wp-json\/wp\/v2\/pages"}],"about":[{"href":"https:\/\/www.bellecourpatrimoine.fr\/gestion-de-patrimoine\/wp-json\/wp\/v2\/types\/page"}],"author":[{"embeddable":true,"href":"https:\/\/www.bellecourpatrimoine.fr\/gestion-de-patrimoine\/wp-json\/wp\/v2\/users\/2"}],"replies":[{"embeddable":true,"href":"https:\/\/www.bellecourpatrimoine.fr\/gestion-de-patrimoine\/wp-json\/wp\/v2\/comments?post=590"}],"version-history":[{"count":3,"href":"https:\/\/www.bellecourpatrimoine.fr\/gestion-de-patrimoine\/wp-json\/wp\/v2\/pages\/590\/revisions"}],"predecessor-version":[{"id":594,"href":"https:\/\/www.bellecourpatrimoine.fr\/gestion-de-patrimoine\/wp-json\/wp\/v2\/pages\/590\/revisions\/594"}],"up":[{"embeddable":true,"href":"https:\/\/www.bellecourpatrimoine.fr\/gestion-de-patrimoine\/wp-json\/wp\/v2\/pages\/34"}],"wp:featuredmedia":[{"embeddable":true,"href":"https:\/\/www.bellecourpatrimoine.fr\/gestion-de-patrimoine\/wp-json\/wp\/v2\/media\/591"}],"wp:attachment":[{"href":"https:\/\/www.bellecourpatrimoine.fr\/gestion-de-patrimoine\/wp-json\/wp\/v2\/media?parent=590"}],"curies":[{"name":"wp","href":"https:\/\/api.w.org\/{rel}","templated":true}]}}