{"id":586,"date":"2017-03-17T21:58:39","date_gmt":"2017-03-17T20:58:39","guid":{"rendered":"http:\/\/www.bellecourpatrimoine.fr\/gestion-de-patrimoine\/?page_id=586"},"modified":"2017-03-20T22:44:22","modified_gmt":"2017-03-20T21:44:22","slug":"programme-belaroia-montpellier-t2-t5","status":"publish","type":"page","link":"https:\/\/www.bellecourpatrimoine.fr\/gestion-de-patrimoine\/biens-a-la-vente\/france\/programme-belaroia-montpellier-t2-t5\/","title":{"rendered":"Programme Belaroia Montpellier (T2 au T5)"},"content":{"rendered":"<h2 class=\"titre\" title=\"locatif\">Programme BELAROIA<\/h2>\n<div class=\"paragraphe\">\n<div class=\"paragraphe\">\n<p>A deux pas de l&rsquo;Op\u00e9ra Com\u00e9die, le programme \u00ab\u00a0<em><strong>B\u00e9laro\u00efa<\/strong><\/em>\u00a0\u00bb se situe en plein c\u0153ur de Montpellier. Les logements b\u00e9n\u00e9ficient d\u2019un ensoleillement maximal ainsi que d\u2019une vue panoramique exceptionnelle .<\/p>\n<p>Du 2 au 5 pi\u00e8ces, les appartements install\u00e9s entre le 7\u00e8me et le 10\u00e8me \u00e9tage du complexe offrent un cadre de vie privil\u00e9gi\u00e9 dans Montpellier, \u00e0 proximit\u00e9 de la gare et des commerces. la personnalisation des pi\u00e8ces d&rsquo;eau est possible et de m\u00eame que l&rsquo;acc\u00e8s aux terrasses solariums sur certains lots.<\/p>\n<p>L&rsquo;architecture contemporaine du b\u00e2timent permet de s&rsquo;ancrer dans le vent de modernit\u00e9 de la m\u00e9tropole, class\u00e9e parmi les premi\u00e8res \u00ab\u00a0Smart Cities\u00a0\u00bb europ\u00e9ennes.<\/p>\n<\/div>\n<p>B\u00e9laroia est un programme haut-de-gamme \u00e0 ne pas manquer.<\/p>\n<\/div>\n","protected":false},"excerpt":{"rendered":"<p>Programme BELAROIA A deux pas de l&rsquo;Op\u00e9ra Com\u00e9die, le programme \u00ab\u00a0B\u00e9laro\u00efa\u00a0\u00bb se situe en plein c\u0153ur de Montpellier. Les logements b\u00e9n\u00e9ficient d\u2019un ensoleillement maximal ainsi que d\u2019une vue panoramique exceptionnelle . Du 2 au 5 pi\u00e8ces, les appartements install\u00e9s entre le 7\u00e8me et le 10\u00e8me \u00e9tage du complexe offrent un cadre de vie privil\u00e9gi\u00e9 dans [&hellip;]<\/p>\n","protected":false},"author":2,"featured_media":588,"parent":30,"menu_order":0,"comment_status":"closed","ping_status":"closed","template":"page-templates\/page-right-sidebar.php","meta":[],"_links":{"self":[{"href":"https:\/\/www.bellecourpatrimoine.fr\/gestion-de-patrimoine\/wp-json\/wp\/v2\/pages\/586"}],"collection":[{"href":"https:\/\/www.bellecourpatrimoine.fr\/gestion-de-patrimoine\/wp-json\/wp\/v2\/pages"}],"about":[{"href":"https:\/\/www.bellecourpatrimoine.fr\/gestion-de-patrimoine\/wp-json\/wp\/v2\/types\/page"}],"author":[{"embeddable":true,"href":"https:\/\/www.bellecourpatrimoine.fr\/gestion-de-patrimoine\/wp-json\/wp\/v2\/users\/2"}],"replies":[{"embeddable":true,"href":"https:\/\/www.bellecourpatrimoine.fr\/gestion-de-patrimoine\/wp-json\/wp\/v2\/comments?post=586"}],"version-history":[{"count":5,"href":"https:\/\/www.bellecourpatrimoine.fr\/gestion-de-patrimoine\/wp-json\/wp\/v2\/pages\/586\/revisions"}],"predecessor-version":[{"id":605,"href":"https:\/\/www.bellecourpatrimoine.fr\/gestion-de-patrimoine\/wp-json\/wp\/v2\/pages\/586\/revisions\/605"}],"up":[{"embeddable":true,"href":"https:\/\/www.bellecourpatrimoine.fr\/gestion-de-patrimoine\/wp-json\/wp\/v2\/pages\/30"}],"wp:featuredmedia":[{"embeddable":true,"href":"https:\/\/www.bellecourpatrimoine.fr\/gestion-de-patrimoine\/wp-json\/wp\/v2\/media\/588"}],"wp:attachment":[{"href":"https:\/\/www.bellecourpatrimoine.fr\/gestion-de-patrimoine\/wp-json\/wp\/v2\/media?parent=586"}],"curies":[{"name":"wp","href":"https:\/\/api.w.org\/{rel}","templated":true}]}}