{"id":577,"date":"2017-03-17T20:55:25","date_gmt":"2017-03-17T19:55:25","guid":{"rendered":"http:\/\/www.bellecourpatrimoine.fr\/gestion-de-patrimoine\/?page_id=577"},"modified":"2017-03-20T22:46:34","modified_gmt":"2017-03-20T21:46:34","slug":"saint-peray-damecosi-t1-151-076-e","status":"publish","type":"page","link":"https:\/\/www.bellecourpatrimoine.fr\/gestion-de-patrimoine\/biens-a-la-vente\/rhone-alpes\/saint-peray-damecosi-t1-151-076-e\/","title":{"rendered":"Saint-Peray &#8211; Damecosi &#8211; T1 &#8211; 151 076 \u20ac"},"content":{"rendered":"<h2 class=\"titre\" title=\"locatif\">SAINT PERAY &#8211; DAMECOSI<\/h2>\n<div class=\"paragraphe\">\n<p>La r\u00e9sidence T1 de Saint Peray pourra b\u00e9n\u00e9ficier des services de l&rsquo;EHPAD de part sa proximit\u00e9 avec l&rsquo;\u00e9tablissement, tout en conservant une ind\u00e9pendance r\u00e9elle (il s&rsquo;agit de l&rsquo;extension d&rsquo;une r\u00e9sidence GDP Vend\u00f4me d\u00e9j\u00e0 existante).<\/p>\n<p>De nombreuses commodit\u00e9s commerciales comme distractives se trouvent \u00e0 proximit\u00e9. La Gare SNCF se trouve \u00e0 7 minutes \u00e0 pied et Valence ville \u00e0 12 km soit \u00e0 peine 10 minutes en voiture<\/p>\n<p>Le logement est de plus \u00e9ligible \u00e0 l&rsquo;option Censi-Bouvard et dispose d&rsquo;un agr\u00e9ment \u00ab\u00a0qualit\u00e9\u00a0\u00bb certifi\u00e9.<\/p>\n<p>Un environnement id\u00e9al donc pour celles et ceux qui veulent allier calme et qualit\u00e9 de service.<\/p>\n<p>&nbsp;<\/p>\n<p>&nbsp;<\/p>\n<p>&nbsp;<\/p>\n<\/div>\n","protected":false},"excerpt":{"rendered":"<p>SAINT PERAY &#8211; DAMECOSI La r\u00e9sidence T1 de Saint Peray pourra b\u00e9n\u00e9ficier des services de l&rsquo;EHPAD de part sa proximit\u00e9 avec l&rsquo;\u00e9tablissement, tout en conservant une ind\u00e9pendance r\u00e9elle (il s&rsquo;agit de l&rsquo;extension d&rsquo;une r\u00e9sidence GDP Vend\u00f4me d\u00e9j\u00e0 existante). De nombreuses commodit\u00e9s commerciales comme distractives se trouvent \u00e0 proximit\u00e9. La Gare SNCF se trouve \u00e0 7 [&hellip;]<\/p>\n","protected":false},"author":2,"featured_media":580,"parent":34,"menu_order":0,"comment_status":"closed","ping_status":"closed","template":"page-templates\/page-right-sidebar.php","meta":[],"_links":{"self":[{"href":"https:\/\/www.bellecourpatrimoine.fr\/gestion-de-patrimoine\/wp-json\/wp\/v2\/pages\/577"}],"collection":[{"href":"https:\/\/www.bellecourpatrimoine.fr\/gestion-de-patrimoine\/wp-json\/wp\/v2\/pages"}],"about":[{"href":"https:\/\/www.bellecourpatrimoine.fr\/gestion-de-patrimoine\/wp-json\/wp\/v2\/types\/page"}],"author":[{"embeddable":true,"href":"https:\/\/www.bellecourpatrimoine.fr\/gestion-de-patrimoine\/wp-json\/wp\/v2\/users\/2"}],"replies":[{"embeddable":true,"href":"https:\/\/www.bellecourpatrimoine.fr\/gestion-de-patrimoine\/wp-json\/wp\/v2\/comments?post=577"}],"version-history":[{"count":3,"href":"https:\/\/www.bellecourpatrimoine.fr\/gestion-de-patrimoine\/wp-json\/wp\/v2\/pages\/577\/revisions"}],"predecessor-version":[{"id":581,"href":"https:\/\/www.bellecourpatrimoine.fr\/gestion-de-patrimoine\/wp-json\/wp\/v2\/pages\/577\/revisions\/581"}],"up":[{"embeddable":true,"href":"https:\/\/www.bellecourpatrimoine.fr\/gestion-de-patrimoine\/wp-json\/wp\/v2\/pages\/34"}],"wp:featuredmedia":[{"embeddable":true,"href":"https:\/\/www.bellecourpatrimoine.fr\/gestion-de-patrimoine\/wp-json\/wp\/v2\/media\/580"}],"wp:attachment":[{"href":"https:\/\/www.bellecourpatrimoine.fr\/gestion-de-patrimoine\/wp-json\/wp\/v2\/media?parent=577"}],"curies":[{"name":"wp","href":"https:\/\/api.w.org\/{rel}","templated":true}]}}