{"id":574,"date":"2017-03-17T20:55:11","date_gmt":"2017-03-17T19:55:11","guid":{"rendered":"http:\/\/www.bellecourpatrimoine.fr\/gestion-de-patrimoine\/?page_id=574"},"modified":"2017-03-20T22:46:38","modified_gmt":"2017-03-20T21:46:38","slug":"residence-villa-sully-aix-bains-173-033-e","status":"publish","type":"page","link":"https:\/\/www.bellecourpatrimoine.fr\/gestion-de-patrimoine\/biens-a-la-vente\/rhone-alpes\/residence-villa-sully-aix-bains-173-033-e\/","title":{"rendered":"R\u00e9sidence Villa Sully Aix-Les-Bains (D\u00e8s 173 033 \u20ac)"},"content":{"rendered":"<h2 class=\"titre\" title=\"locatif\">VILLA SULLY AIX LES BAINS<\/h2>\n<p>Une r\u00e9sidence \u00e0 l&rsquo;image de la ville d&rsquo;Aix-Les-Bains, station baln\u00e9aire et thermale r\u00e9put\u00e9e pour son calme et sa tranquillit\u00e9.<\/p>\n<p>Les logements sont dot\u00e9s d\u2019une architecture fonctionnelle et protectrice. Les \u00e9quipements domotiques s\u2019adaptent \u00e0 vos besoins \u00e9volutifs et facilitent en toute discr\u00e9tion votre quotidien. L&rsquo;immeuble est quant \u00e0 lui \u00e9quip\u00e9 de syst\u00e8mes de s\u00e9curit\u00e9 (vid\u00e9o, contr\u00f4le d&rsquo;acc\u00e8s) et d&rsquo;une conciergerie disponible 24h\/24 et 7j\/7.<\/p>\n<p>A proximit\u00e9 du centre ville comme des lieux de d\u00e9tente, Villa Sully est le parfait compromis pour toutes les activit\u00e9s. Le Lac du Bourget n&rsquo;est qu&rsquo;\u00e0 quelques pas et le Casino Grand Cercle se trouve \u00e0 moins de 600 m\u00e8tres.<\/p>\n<p>Les commerces \u00e0 proximit\u00e9 sont vari\u00e9s et la Gare d&rsquo;Aix-Les-Bains Le Revard est \u00e0 150m. L&rsquo;acc\u00e8s en v\u00e9hicule est ais\u00e9 via l&rsquo;autoroute A43. Une position id\u00e9ale, proche de grandes villes et d&rsquo;importants axes routiers.<\/p>\n","protected":false},"excerpt":{"rendered":"<p>VILLA SULLY AIX LES BAINS Une r\u00e9sidence \u00e0 l&rsquo;image de la ville d&rsquo;Aix-Les-Bains, station baln\u00e9aire et thermale r\u00e9put\u00e9e pour son calme et sa tranquillit\u00e9. Les logements sont dot\u00e9s d\u2019une architecture fonctionnelle et protectrice. Les \u00e9quipements domotiques s\u2019adaptent \u00e0 vos besoins \u00e9volutifs et facilitent en toute discr\u00e9tion votre quotidien. L&rsquo;immeuble est quant \u00e0 lui \u00e9quip\u00e9 de [&hellip;]<\/p>\n","protected":false},"author":2,"featured_media":575,"parent":34,"menu_order":0,"comment_status":"closed","ping_status":"closed","template":"page-templates\/page-right-sidebar.php","meta":[],"_links":{"self":[{"href":"https:\/\/www.bellecourpatrimoine.fr\/gestion-de-patrimoine\/wp-json\/wp\/v2\/pages\/574"}],"collection":[{"href":"https:\/\/www.bellecourpatrimoine.fr\/gestion-de-patrimoine\/wp-json\/wp\/v2\/pages"}],"about":[{"href":"https:\/\/www.bellecourpatrimoine.fr\/gestion-de-patrimoine\/wp-json\/wp\/v2\/types\/page"}],"author":[{"embeddable":true,"href":"https:\/\/www.bellecourpatrimoine.fr\/gestion-de-patrimoine\/wp-json\/wp\/v2\/users\/2"}],"replies":[{"embeddable":true,"href":"https:\/\/www.bellecourpatrimoine.fr\/gestion-de-patrimoine\/wp-json\/wp\/v2\/comments?post=574"}],"version-history":[{"count":2,"href":"https:\/\/www.bellecourpatrimoine.fr\/gestion-de-patrimoine\/wp-json\/wp\/v2\/pages\/574\/revisions"}],"predecessor-version":[{"id":602,"href":"https:\/\/www.bellecourpatrimoine.fr\/gestion-de-patrimoine\/wp-json\/wp\/v2\/pages\/574\/revisions\/602"}],"up":[{"embeddable":true,"href":"https:\/\/www.bellecourpatrimoine.fr\/gestion-de-patrimoine\/wp-json\/wp\/v2\/pages\/34"}],"wp:featuredmedia":[{"embeddable":true,"href":"https:\/\/www.bellecourpatrimoine.fr\/gestion-de-patrimoine\/wp-json\/wp\/v2\/media\/575"}],"wp:attachment":[{"href":"https:\/\/www.bellecourpatrimoine.fr\/gestion-de-patrimoine\/wp-json\/wp\/v2\/media?parent=574"}],"curies":[{"name":"wp","href":"https:\/\/api.w.org\/{rel}","templated":true}]}}