{"id":52,"date":"2016-03-10T18:30:50","date_gmt":"2016-03-10T17:30:50","guid":{"rendered":"http:\/\/www.bellecourpatrimoine.fr\/gestion-de-patrimoine\/?page_id=52"},"modified":"2016-04-22T09:20:45","modified_gmt":"2016-04-22T08:20:45","slug":"le-cabinet","status":"publish","type":"page","link":"https:\/\/www.bellecourpatrimoine.fr\/gestion-de-patrimoine\/le-cabinet\/","title":{"rendered":"Le cabinet"},"content":{"rendered":"<p>Notre cabinet fond\u00e9 en 2012 par Guillaume BERTRAND est sp\u00e9cialis\u00e9 dans la gestion de patrimoine (placement financier, d\u00e9fiscalisation, \u00e9pargne, retraite) et l\u2019Assurance (courtier g\u00e9n\u00e9raliste particuliers et professionnels). Bas\u00e9 au c\u0153ur de Lyon, dans le quartier d&rsquo;Ainay au 23 rue de la charit\u00e9, il accompagne nos clients dans leurs projets depuis bient\u00f4t 4 ans. Au travers de notre parcours et de notre exp\u00e9rience, nous avons tiss\u00e9 des liens privil\u00e9gi\u00e9s avec notre r\u00e9seau de partenaires pour satisfaire au mieux les attentes de nos clients. Gr\u00e2ce \u00e0 notre expertise, nous t\u00e2chons de leur apporter la solution la mieux adapt\u00e9e \u00e0 chaque \u00e9tape de leur vie ou de leur projet.<\/p>\n<h2>Nos atouts<\/h2>\n<ul>\n<li>\u00a0Agir avec loyaut\u00e9 et au mieux des int\u00e9r\u00eats de nos clients<\/li>\n<li>\u00a0Professionnalisme et r\u00e9activit\u00e9<\/li>\n<\/ul>\n","protected":false},"excerpt":{"rendered":"<p>Notre cabinet fond\u00e9 en 2012 par Guillaume BERTRAND est sp\u00e9cialis\u00e9 dans la gestion de patrimoine (placement financier, d\u00e9fiscalisation, \u00e9pargne, retraite) et l\u2019Assurance (courtier g\u00e9n\u00e9raliste particuliers et professionnels). Bas\u00e9 au c\u0153ur de Lyon, dans le quartier d&rsquo;Ainay au 23 rue de la charit\u00e9, il accompagne nos clients dans leurs projets depuis bient\u00f4t 4 ans. Au travers [&hellip;]<\/p>\n","protected":false},"author":1,"featured_media":0,"parent":0,"menu_order":11,"comment_status":"closed","ping_status":"closed","template":"page-templates\/page-right-sidebar.php","meta":[],"_links":{"self":[{"href":"https:\/\/www.bellecourpatrimoine.fr\/gestion-de-patrimoine\/wp-json\/wp\/v2\/pages\/52"}],"collection":[{"href":"https:\/\/www.bellecourpatrimoine.fr\/gestion-de-patrimoine\/wp-json\/wp\/v2\/pages"}],"about":[{"href":"https:\/\/www.bellecourpatrimoine.fr\/gestion-de-patrimoine\/wp-json\/wp\/v2\/types\/page"}],"author":[{"embeddable":true,"href":"https:\/\/www.bellecourpatrimoine.fr\/gestion-de-patrimoine\/wp-json\/wp\/v2\/users\/1"}],"replies":[{"embeddable":true,"href":"https:\/\/www.bellecourpatrimoine.fr\/gestion-de-patrimoine\/wp-json\/wp\/v2\/comments?post=52"}],"version-history":[{"count":6,"href":"https:\/\/www.bellecourpatrimoine.fr\/gestion-de-patrimoine\/wp-json\/wp\/v2\/pages\/52\/revisions"}],"predecessor-version":[{"id":400,"href":"https:\/\/www.bellecourpatrimoine.fr\/gestion-de-patrimoine\/wp-json\/wp\/v2\/pages\/52\/revisions\/400"}],"wp:attachment":[{"href":"https:\/\/www.bellecourpatrimoine.fr\/gestion-de-patrimoine\/wp-json\/wp\/v2\/media?parent=52"}],"curies":[{"name":"wp","href":"https:\/\/api.w.org\/{rel}","templated":true}]}}