{"id":460,"date":"2016-05-19T08:22:10","date_gmt":"2016-05-19T07:22:10","guid":{"rendered":"http:\/\/www.bellecourpatrimoine.fr\/gestion-de-patrimoine\/?page_id=460"},"modified":"2017-03-22T13:50:30","modified_gmt":"2017-03-22T12:50:30","slug":"programme-coeur-de-campus-saint-etienne-lmnp-54-000e","status":"publish","type":"page","link":"https:\/\/www.bellecourpatrimoine.fr\/gestion-de-patrimoine\/biens-a-la-vente\/rhone-alpes\/programme-coeur-de-campus-saint-etienne-lmnp-54-000e\/","title":{"rendered":"Programme C\u0153ur de Campus &#8211; Saint Etienne (LMNP d\u00e8s 54 000\u20ac )"},"content":{"rendered":"<p>Deuxi\u00e8me aire urbaine en Rh\u00f4ne Alpes Auvergne, Saint-Etienne abrite des entreprises dynamiques et innovantes, comme le groupe Casino, le chocolatier Weiss ou Focal (Fabricant d\u2019enceintes haut de gamme).<\/p>\n<p>R\u00e9sidence \u00e9tudiante Saint-Etienne<\/p>\n<p>&#8211; Studios enti\u00e8rement meubl\u00e9s et \u00e9quip\u00e9s dans une r\u00e9sidence de standing s\u00e9curis\u00e9e.<br \/>\n&#8211; Espaces de Vies communs : Salles petits-d\u00e9jeuners, Salle de sports, Salle de travaux en groupe.- Laverie, locaux v\u00e9los.<\/p>\n","protected":false},"excerpt":{"rendered":"<p>Deuxi\u00e8me aire urbaine en Rh\u00f4ne Alpes Auvergne, Saint-Etienne abrite des entreprises dynamiques et innovantes, comme le groupe Casino, le chocolatier Weiss ou Focal (Fabricant d\u2019enceintes haut de gamme). R\u00e9sidence \u00e9tudiante Saint-Etienne &#8211; Studios enti\u00e8rement meubl\u00e9s et \u00e9quip\u00e9s dans une r\u00e9sidence de standing s\u00e9curis\u00e9e. &#8211; Espaces de Vies communs : Salles petits-d\u00e9jeuners, Salle de sports, Salle [&hellip;]<\/p>\n","protected":false},"author":2,"featured_media":459,"parent":34,"menu_order":0,"comment_status":"closed","ping_status":"closed","template":"","meta":[],"_links":{"self":[{"href":"https:\/\/www.bellecourpatrimoine.fr\/gestion-de-patrimoine\/wp-json\/wp\/v2\/pages\/460"}],"collection":[{"href":"https:\/\/www.bellecourpatrimoine.fr\/gestion-de-patrimoine\/wp-json\/wp\/v2\/pages"}],"about":[{"href":"https:\/\/www.bellecourpatrimoine.fr\/gestion-de-patrimoine\/wp-json\/wp\/v2\/types\/page"}],"author":[{"embeddable":true,"href":"https:\/\/www.bellecourpatrimoine.fr\/gestion-de-patrimoine\/wp-json\/wp\/v2\/users\/2"}],"replies":[{"embeddable":true,"href":"https:\/\/www.bellecourpatrimoine.fr\/gestion-de-patrimoine\/wp-json\/wp\/v2\/comments?post=460"}],"version-history":[{"count":3,"href":"https:\/\/www.bellecourpatrimoine.fr\/gestion-de-patrimoine\/wp-json\/wp\/v2\/pages\/460\/revisions"}],"predecessor-version":[{"id":655,"href":"https:\/\/www.bellecourpatrimoine.fr\/gestion-de-patrimoine\/wp-json\/wp\/v2\/pages\/460\/revisions\/655"}],"up":[{"embeddable":true,"href":"https:\/\/www.bellecourpatrimoine.fr\/gestion-de-patrimoine\/wp-json\/wp\/v2\/pages\/34"}],"wp:featuredmedia":[{"embeddable":true,"href":"https:\/\/www.bellecourpatrimoine.fr\/gestion-de-patrimoine\/wp-json\/wp\/v2\/media\/459"}],"wp:attachment":[{"href":"https:\/\/www.bellecourpatrimoine.fr\/gestion-de-patrimoine\/wp-json\/wp\/v2\/media?parent=460"}],"curies":[{"name":"wp","href":"https:\/\/api.w.org\/{rel}","templated":true}]}}