{"id":36,"date":"2016-03-10T18:21:45","date_gmt":"2016-03-10T17:21:45","guid":{"rendered":"http:\/\/www.bellecourpatrimoine.fr\/gestion-de-patrimoine\/?page_id=36"},"modified":"2016-05-10T11:30:21","modified_gmt":"2016-05-10T10:30:21","slug":"loueur-meuble-lmnp","status":"publish","type":"page","link":"https:\/\/www.bellecourpatrimoine.fr\/gestion-de-patrimoine\/defiscalisation\/loueur-meuble-lmnp\/","title":{"rendered":"Loueur meubl\u00e9 LMNP"},"content":{"rendered":"<p>Vous louez un ou plusieurs biens immobiliers ? Vous aurez le statut de loueur meubl\u00e9 non professionnel (LMNP).<\/p>\n<p>A partir de ce moment vous disposez de 2 options possibles :<\/p>\n<ul>\n<li>le r\u00e9gime forfaitaire (imposition sur la moiti\u00e9 de vos recettes)<\/li>\n<li>le r\u00e9gime r\u00e9el (vous d\u00e9duirez vos charges de vos recettes)<\/li>\n<\/ul>\n<div>Le micro-BIC (r\u00e9gime forfaitaire) est valable uniquement si vos recettes\u00a0sont &lt;\u00a0\u00e0 32 900\u20ac\/an.<\/div>\n<div><\/div>\n<div>Si vous investissez dans une r\u00e9sidence de service (voir nos offres dans l&rsquo;onglet : Nos biens\u00a0\u00e0 la vente) vous pourrez choisir le LMNP classique ou le Censi-Bouvard (r\u00e9duction d&rsquo;imp\u00f4t de\u00a011% sur le prix du logement) dans la limite d&rsquo;un investissement de 300 000\u20ac.<\/div>\n<div><\/div>\n<div>Nous vous aidons pour faire la meilleure optimisation fiscale possible.<\/div>\n","protected":false},"excerpt":{"rendered":"<p>Vous louez un ou plusieurs biens immobiliers ? Vous aurez le statut de loueur meubl\u00e9 non professionnel (LMNP). A partir de ce moment vous disposez de 2 options possibles : le r\u00e9gime forfaitaire (imposition sur la moiti\u00e9 de vos recettes) le r\u00e9gime r\u00e9el (vous d\u00e9duirez vos charges de vos recettes) Le micro-BIC (r\u00e9gime forfaitaire) est [&hellip;]<\/p>\n","protected":false},"author":1,"featured_media":0,"parent":33,"menu_order":0,"comment_status":"closed","ping_status":"closed","template":"page-templates\/page-right-sidebar.php","meta":[],"_links":{"self":[{"href":"https:\/\/www.bellecourpatrimoine.fr\/gestion-de-patrimoine\/wp-json\/wp\/v2\/pages\/36"}],"collection":[{"href":"https:\/\/www.bellecourpatrimoine.fr\/gestion-de-patrimoine\/wp-json\/wp\/v2\/pages"}],"about":[{"href":"https:\/\/www.bellecourpatrimoine.fr\/gestion-de-patrimoine\/wp-json\/wp\/v2\/types\/page"}],"author":[{"embeddable":true,"href":"https:\/\/www.bellecourpatrimoine.fr\/gestion-de-patrimoine\/wp-json\/wp\/v2\/users\/1"}],"replies":[{"embeddable":true,"href":"https:\/\/www.bellecourpatrimoine.fr\/gestion-de-patrimoine\/wp-json\/wp\/v2\/comments?post=36"}],"version-history":[{"count":5,"href":"https:\/\/www.bellecourpatrimoine.fr\/gestion-de-patrimoine\/wp-json\/wp\/v2\/pages\/36\/revisions"}],"predecessor-version":[{"id":439,"href":"https:\/\/www.bellecourpatrimoine.fr\/gestion-de-patrimoine\/wp-json\/wp\/v2\/pages\/36\/revisions\/439"}],"up":[{"embeddable":true,"href":"https:\/\/www.bellecourpatrimoine.fr\/gestion-de-patrimoine\/wp-json\/wp\/v2\/pages\/33"}],"wp:attachment":[{"href":"https:\/\/www.bellecourpatrimoine.fr\/gestion-de-patrimoine\/wp-json\/wp\/v2\/media?parent=36"}],"curies":[{"name":"wp","href":"https:\/\/api.w.org\/{rel}","templated":true}]}}