{"id":34,"date":"2016-03-10T18:22:17","date_gmt":"2016-03-10T17:22:17","guid":{"rendered":"http:\/\/www.bellecourpatrimoine.fr\/gestion-de-patrimoine\/?page_id=34"},"modified":"2017-03-22T14:25:32","modified_gmt":"2017-03-22T13:25:32","slug":"rhone-alpes","status":"publish","type":"page","link":"https:\/\/www.bellecourpatrimoine.fr\/gestion-de-patrimoine\/biens-a-la-vente\/rhone-alpes\/","title":{"rendered":"Rh\u00f4ne-Alpes"},"content":{"rendered":"<div class=\"fw-page-builder-content\"><section class=\"fw-main-row \"  >\n\t<div class=\"fw-container\">\n\t\t<div class=\"fw-row\">\n\t<div class=\"fw-col-xs-12\">\n\t<h1>D\u00e9couvrez nos offres :<\/h1><p>&nbsp;<\/p><\/div>\n<\/div>\n\n<div class=\"fw-row\">\n\t<div class=\"fw-col-xs-12 fw-col-sm-3\">\n\t<a href=\"http:\/\/www.bellecourpatrimoine.fr\/gestion-de-patrimoine\/biens-a-la-vente\/rhone-alpes\/programme-coeur-de-campus-saint-etienne-lmnp-54-000e\/\" target=\"_blank\" ><img src=\"https:\/\/www.bellecourpatrimoine.fr\/gestion-de-patrimoine\/wp-content\/uploads\/sites\/2\/2016\/05\/coeur-de-campus-st-etienne-300x200.png\" alt=\"https:\/\/www.bellecourpatrimoine.fr\/gestion-de-patrimoine\/wp-content\/uploads\/sites\/2\/2016\/05\/coeur-de-campus-st-etienne-300x200.png\" width=\"300\" height=\"200\" \/><\/a><p>Programme C\u0153ur de Campus \u2013 Saint Etienne (LMNP d\u00e8s 54 000\u20ac )<\/p><\/div>\n<div class=\"fw-col-xs-12 fw-col-sm-3\">\n\t<a href=\"http:\/\/www.bellecourpatrimoine.fr\/gestion-de-patrimoine\/biens-a-la-vente\/rhone-alpes\/residence-villa-sully-aix-bains-173-033-e\/\" target=\"_blank\" ><img src=\"https:\/\/www.bellecourpatrimoine.fr\/gestion-de-patrimoine\/wp-content\/uploads\/sites\/2\/2017\/03\/sully2-300x200.jpg\" alt=\"https:\/\/www.bellecourpatrimoine.fr\/gestion-de-patrimoine\/wp-content\/uploads\/sites\/2\/2017\/03\/sully2-300x200.jpg\" width=\"300\" height=\"200\" \/><\/a><p>R\u00e9sidence Villa Sully Aix-Les-Bains (D\u00e8s 173 033 \u20ac)<\/p><\/div>\n<div class=\"fw-col-xs-12 fw-col-sm-3\">\n\t<a href=\"http:\/\/www.bellecourpatrimoine.fr\/gestion-de-patrimoine\/biens-a-la-vente\/rhone-alpes\/programme-albertville-le-parc-de-jade\/\" target=\"_blank\" ><img src=\"https:\/\/www.bellecourpatrimoine.fr\/gestion-de-patrimoine\/wp-content\/uploads\/sites\/2\/2016\/04\/albertville-300x200.png\" alt=\"https:\/\/www.bellecourpatrimoine.fr\/gestion-de-patrimoine\/wp-content\/uploads\/sites\/2\/2016\/04\/albertville-300x200.png\" width=\"300\" height=\"200\" \/><\/a><p>Programme Albertville \u2013 Le Parc de Jade (R\u00e9sidence s\u00e9nior d\u00e8s 122 000\u20ac)<\/p><\/div>\n<div class=\"fw-col-xs-12 fw-col-sm-3\">\n\t<a href=\"http:\/\/www.bellecourpatrimoine.fr\/gestion-de-patrimoine\/biens-a-la-vente\/rhone-alpes\/defiscalisation-a-la-montagne\/\" target=\"_blank\" ><img src=\"https:\/\/www.bellecourpatrimoine.fr\/gestion-de-patrimoine\/wp-content\/uploads\/sites\/2\/2016\/06\/coeur-des-loges-300x200.png\" alt=\"https:\/\/www.bellecourpatrimoine.fr\/gestion-de-patrimoine\/wp-content\/uploads\/sites\/2\/2016\/06\/coeur-des-loges-300x200.png\" width=\"300\" height=\"200\" \/><\/a><p>Programme Les Menuires ( LMNP d\u00e8s 186000\u20ac)<\/p><\/div>\n<\/div>\n\n<div class=\"fw-row\">\n\t<div class=\"fw-col-xs-12 fw-col-sm-3\">\n\t<a href=\"http:\/\/www.bellecourpatrimoine.fr\/gestion-de-patrimoine\/biens-a-la-vente\/rhone-alpes\/saint-peray-damecosi-t1-151-076-e\/\" target=\"_blank\" ><img src=\"https:\/\/www.bellecourpatrimoine.fr\/gestion-de-patrimoine\/wp-content\/uploads\/sites\/2\/2017\/03\/Saint-Peray-300x200.jpg\" alt=\"https:\/\/www.bellecourpatrimoine.fr\/gestion-de-patrimoine\/wp-content\/uploads\/sites\/2\/2017\/03\/Saint-Peray-300x200.jpg\" width=\"300\" height=\"200\" \/><\/a><p>Saint-Peray \u2013 Damecosi \u2013 T1 \u2013 151 076 \u20ac<\/p><\/div>\n<div class=\"fw-col-xs-12 fw-col-sm-3\">\n\t<a href=\"http:\/\/www.bellecourpatrimoine.fr\/gestion-de-patrimoine\/biens-a-la-vente\/rhone-alpes\/urban-lodge-pays-de-gex-t2-a-t4-loi-pinel-234-000-e\/\" target=\"_blank\" ><img src=\"https:\/\/www.bellecourpatrimoine.fr\/gestion-de-patrimoine\/wp-content\/uploads\/sites\/2\/2017\/03\/urban-lodge-300x200.png\" alt=\"https:\/\/www.bellecourpatrimoine.fr\/gestion-de-patrimoine\/wp-content\/uploads\/sites\/2\/2017\/03\/urban-lodge-300x200.png\" width=\"300\" height=\"200\" \/><\/a><p>Urban Lodge \u2013 Pays de Gex \u2013 T2 \u00e0 T4 \u2013 Loi Pinel \u2013 234 000 \u20ac<\/p><\/div>\n<\/div>\n\n\t<\/div>\n<\/section>\n<\/div>\n","protected":false},"excerpt":{"rendered":"","protected":false},"author":1,"featured_media":0,"parent":25,"menu_order":0,"comment_status":"closed","ping_status":"closed","template":"","meta":[],"_links":{"self":[{"href":"https:\/\/www.bellecourpatrimoine.fr\/gestion-de-patrimoine\/wp-json\/wp\/v2\/pages\/34"}],"collection":[{"href":"https:\/\/www.bellecourpatrimoine.fr\/gestion-de-patrimoine\/wp-json\/wp\/v2\/pages"}],"about":[{"href":"https:\/\/www.bellecourpatrimoine.fr\/gestion-de-patrimoine\/wp-json\/wp\/v2\/types\/page"}],"author":[{"embeddable":true,"href":"https:\/\/www.bellecourpatrimoine.fr\/gestion-de-patrimoine\/wp-json\/wp\/v2\/users\/1"}],"replies":[{"embeddable":true,"href":"https:\/\/www.bellecourpatrimoine.fr\/gestion-de-patrimoine\/wp-json\/wp\/v2\/comments?post=34"}],"version-history":[{"count":11,"href":"https:\/\/www.bellecourpatrimoine.fr\/gestion-de-patrimoine\/wp-json\/wp\/v2\/pages\/34\/revisions"}],"predecessor-version":[{"id":672,"href":"https:\/\/www.bellecourpatrimoine.fr\/gestion-de-patrimoine\/wp-json\/wp\/v2\/pages\/34\/revisions\/672"}],"up":[{"embeddable":true,"href":"https:\/\/www.bellecourpatrimoine.fr\/gestion-de-patrimoine\/wp-json\/wp\/v2\/pages\/25"}],"wp:attachment":[{"href":"https:\/\/www.bellecourpatrimoine.fr\/gestion-de-patrimoine\/wp-json\/wp\/v2\/media?parent=34"}],"curies":[{"name":"wp","href":"https:\/\/api.w.org\/{rel}","templated":true}]}}