{"id":32,"date":"2016-03-10T18:20:25","date_gmt":"2016-03-10T17:20:25","guid":{"rendered":"http:\/\/www.bellecourpatrimoine.fr\/gestion-de-patrimoine\/?page_id=32"},"modified":"2016-04-28T13:28:14","modified_gmt":"2016-04-28T12:28:14","slug":"contrat-de-capitalisation","status":"publish","type":"page","link":"https:\/\/www.bellecourpatrimoine.fr\/gestion-de-patrimoine\/epargne\/contrat-de-capitalisation\/","title":{"rendered":"Contrat de capitalisation"},"content":{"rendered":"<p>Le contrat de capitalisation est une enveloppe fiscale assez proche de celle de l&rsquo;assurance vie.<\/p>\n<p>Vous avez acc\u00e8s aux m\u00eames sp\u00e9cificit\u00e9s que l&rsquo;assurance vie (retrait partiel en 72h, acc\u00e8s aux fonds \u20ac, acc\u00e8s aux UC, &#8230;)<\/p>\n<p>Les diff\u00e9rences portent sur la transmission et l&rsquo;ISF.<\/p>\n<p>De\u00a0votre vivant, vous avez la possibilit\u00e9 d&rsquo;effectuer une donation (simple ou d\u00e9membr\u00e9e)\u00a0de votre contrat en b\u00e9n\u00e9ficiant des abattements et r\u00e9ductions\u00a0de droit commun.<\/p>\n<p>Au d\u00e9c\u00e8s, il n&rsquo;y a pas de clause b\u00e9n\u00e9ficiaire, le contrat\u00a0 fait partie du patrimoine et est soumis aux droits de succession. Le d\u00e9c\u00e8s ne met pas fin au contrat et peut-\u00eatre transmis aux h\u00e9ritiers ou \u00e0 toute autre personne mentionn\u00e9e sur le testament.<\/p>\n<p>Seule les sommes investies sur le contrat rentrent dans le patrimoine taxable de l&rsquo;ISF, les int\u00e9r\u00eats en sont donc exclues.<\/p>\n<p>Dans tous les cas celui qui re\u00e7oit le contrat (le donataire) conserve l&rsquo;ant\u00e9riorit\u00e9 fiscale du contrat !<\/p>\n","protected":false},"excerpt":{"rendered":"<p>Le contrat de capitalisation est une enveloppe fiscale assez proche de celle de l&rsquo;assurance vie. Vous avez acc\u00e8s aux m\u00eames sp\u00e9cificit\u00e9s que l&rsquo;assurance vie (retrait partiel en 72h, acc\u00e8s aux fonds \u20ac, acc\u00e8s aux UC, &#8230;) Les diff\u00e9rences portent sur la transmission et l&rsquo;ISF. De\u00a0votre vivant, vous avez la possibilit\u00e9 d&rsquo;effectuer une donation (simple ou [&hellip;]<\/p>\n","protected":false},"author":1,"featured_media":0,"parent":17,"menu_order":0,"comment_status":"closed","ping_status":"closed","template":"page-templates\/page-right-sidebar.php","meta":[],"_links":{"self":[{"href":"https:\/\/www.bellecourpatrimoine.fr\/gestion-de-patrimoine\/wp-json\/wp\/v2\/pages\/32"}],"collection":[{"href":"https:\/\/www.bellecourpatrimoine.fr\/gestion-de-patrimoine\/wp-json\/wp\/v2\/pages"}],"about":[{"href":"https:\/\/www.bellecourpatrimoine.fr\/gestion-de-patrimoine\/wp-json\/wp\/v2\/types\/page"}],"author":[{"embeddable":true,"href":"https:\/\/www.bellecourpatrimoine.fr\/gestion-de-patrimoine\/wp-json\/wp\/v2\/users\/1"}],"replies":[{"embeddable":true,"href":"https:\/\/www.bellecourpatrimoine.fr\/gestion-de-patrimoine\/wp-json\/wp\/v2\/comments?post=32"}],"version-history":[{"count":3,"href":"https:\/\/www.bellecourpatrimoine.fr\/gestion-de-patrimoine\/wp-json\/wp\/v2\/pages\/32\/revisions"}],"predecessor-version":[{"id":205,"href":"https:\/\/www.bellecourpatrimoine.fr\/gestion-de-patrimoine\/wp-json\/wp\/v2\/pages\/32\/revisions\/205"}],"up":[{"embeddable":true,"href":"https:\/\/www.bellecourpatrimoine.fr\/gestion-de-patrimoine\/wp-json\/wp\/v2\/pages\/17"}],"wp:attachment":[{"href":"https:\/\/www.bellecourpatrimoine.fr\/gestion-de-patrimoine\/wp-json\/wp\/v2\/media?parent=32"}],"curies":[{"name":"wp","href":"https:\/\/api.w.org\/{rel}","templated":true}]}}