{"id":296,"date":"2016-04-08T09:41:03","date_gmt":"2016-04-08T08:41:03","guid":{"rendered":"http:\/\/www.bellecourpatrimoine.fr\/gestion-de-patrimoine\/?page_id=296"},"modified":"2016-04-22T09:09:44","modified_gmt":"2016-04-22T08:09:44","slug":"programme-montreuil-villa-montreuil","status":"publish","type":"page","link":"https:\/\/www.bellecourpatrimoine.fr\/gestion-de-patrimoine\/biens-a-la-vente\/france\/programme-montreuil-villa-montreuil\/","title":{"rendered":"Programme Montreuil &#8211; Villa MONTREUIL"},"content":{"rendered":"<h2>UN CADRE DE VIE EXCEPTIONNEL<\/h2>\n<p>Situ\u00e9e aux portes de Paris, Montreuil est la cinqui\u00e8me ville d\u2019Ile de France de par son nombre d\u2019habitants.<\/p>\n<p>La ville de Montreuil est desservie par la ligne 9 du m\u00e9tro parisien, qui a son terminus Mairie de Montreuil, et par 14 lignes de bus de la RATP.<\/p>\n<h2>DE HAUT STANDING, VOTRE APPARTEMENT EST IDEALEMENT SITUE<\/h2>\n<p>Au c\u0153ur du quartier du centre ville et \u00e0 deux pas de la station de m\u00e9tro Croix de Chavaux, la Villa Sully s\u2019inscrit dans un projet global avec la construction de 78 logements allant du T1 au T3 dont 14 logements en social.<\/p>\n<p>Situ\u00e9 \u00e0 proximit\u00e9 des commerces et de toutes commodit\u00e9s, cet immeuble de haut standing vous offre un cadre de vie convivial et s\u00e9curis\u00e9. Dans cet environnement agr\u00e9able, vous pouvez ainsi maintenir au quotidien une vraie vie de quartier et rester \u00e0 proximit\u00e9 de vos amis et de votre famille.<\/p>\n<p>Le programme neuf \u00ab\u00a0Villa Sully\u00a0\u00bb (Appartement de maintien \u00e0 domicile), situ\u00e9 dans la ville de Montreuil, est compos\u00e9 d&rsquo;appartements T1 bis, T2 et T3 domotis\u00e9s, livr\u00e9s le 3\u00e8metrimestre 2017. Ce programme neuf est \u00e9ligible aux dispositifs Censi Bouvard et LMNP. Il est \u00e9galement \u00e9ligible \u00e0 la r\u00e9sidence principale.<\/p>\n","protected":false},"excerpt":{"rendered":"<p>UN CADRE DE VIE EXCEPTIONNEL Situ\u00e9e aux portes de Paris, Montreuil est la cinqui\u00e8me ville d\u2019Ile de France de par son nombre d\u2019habitants. La ville de Montreuil est desservie par la ligne 9 du m\u00e9tro parisien, qui a son terminus Mairie de Montreuil, et par 14 lignes de bus de la RATP. DE HAUT STANDING, [&hellip;]<\/p>\n","protected":false},"author":2,"featured_media":301,"parent":30,"menu_order":0,"comment_status":"closed","ping_status":"closed","template":"page-templates\/page-right-sidebar.php","meta":[],"_links":{"self":[{"href":"https:\/\/www.bellecourpatrimoine.fr\/gestion-de-patrimoine\/wp-json\/wp\/v2\/pages\/296"}],"collection":[{"href":"https:\/\/www.bellecourpatrimoine.fr\/gestion-de-patrimoine\/wp-json\/wp\/v2\/pages"}],"about":[{"href":"https:\/\/www.bellecourpatrimoine.fr\/gestion-de-patrimoine\/wp-json\/wp\/v2\/types\/page"}],"author":[{"embeddable":true,"href":"https:\/\/www.bellecourpatrimoine.fr\/gestion-de-patrimoine\/wp-json\/wp\/v2\/users\/2"}],"replies":[{"embeddable":true,"href":"https:\/\/www.bellecourpatrimoine.fr\/gestion-de-patrimoine\/wp-json\/wp\/v2\/comments?post=296"}],"version-history":[{"count":2,"href":"https:\/\/www.bellecourpatrimoine.fr\/gestion-de-patrimoine\/wp-json\/wp\/v2\/pages\/296\/revisions"}],"predecessor-version":[{"id":395,"href":"https:\/\/www.bellecourpatrimoine.fr\/gestion-de-patrimoine\/wp-json\/wp\/v2\/pages\/296\/revisions\/395"}],"up":[{"embeddable":true,"href":"https:\/\/www.bellecourpatrimoine.fr\/gestion-de-patrimoine\/wp-json\/wp\/v2\/pages\/30"}],"wp:featuredmedia":[{"embeddable":true,"href":"https:\/\/www.bellecourpatrimoine.fr\/gestion-de-patrimoine\/wp-json\/wp\/v2\/media\/301"}],"wp:attachment":[{"href":"https:\/\/www.bellecourpatrimoine.fr\/gestion-de-patrimoine\/wp-json\/wp\/v2\/media?parent=296"}],"curies":[{"name":"wp","href":"https:\/\/api.w.org\/{rel}","templated":true}]}}