{"id":294,"date":"2016-04-08T09:39:07","date_gmt":"2016-04-08T08:39:07","guid":{"rendered":"http:\/\/www.bellecourpatrimoine.fr\/gestion-de-patrimoine\/?page_id=294"},"modified":"2016-04-22T09:08:18","modified_gmt":"2016-04-22T08:08:18","slug":"programme-le-canet-villa-sully","status":"publish","type":"page","link":"https:\/\/www.bellecourpatrimoine.fr\/gestion-de-patrimoine\/biens-a-la-vente\/france\/programme-le-canet-villa-sully\/","title":{"rendered":"Programme Le Canet &#8211; Villa SULLY"},"content":{"rendered":"<p>Livraison pr\u00e9visionnelle &#8211; 4eme Trimestre 2016<\/p>\n<p>Le projet consiste en la construction de 98 logements type \u201cVilla Sully\u201d,<br \/>\nd\u2019un restaurant et d\u2019une maison de sant\u00e9. Il comprend 2 b\u00e2timents R+3 et R+4 + 2 sous sols.<\/p>\n<p>La conception du projet a \u00e9t\u00e9 imagin\u00e9e de fa\u00e7on \u00e0 adoucir la transition entre les immeubles collectifs voisins et le terrain par le recul du B\u00e2ti par rapport au boulevard. Il a \u00e9t\u00e9 apport\u00e9 un soin particulier au fa\u00e7onnement des balcons et \u00e0 la hauteur de la toiture\/terrasse. L\u2019immeuble, construit en L, b\u00e9n\u00e9ficie d\u2019une entr\u00e9e d\u2019immeuble d\u00e9port\u00e9e pour le plus grand confort des r\u00e9sidants.<\/p>\n<p>La qualit\u00e9 architecturale, les mat\u00e9riaux propos\u00e9s, l\u2019adaptation au terrain et le fonctionnement du projet sont pr\u00e9vu de fa\u00e7on \u00e0 n\u2019occasionner aucune g\u00eane pour le voisinage et les futurs occupants s\u00e9journeront dans un lieu calme, bien orient\u00e9.<\/p>\n<p>Des arbustes de haie \u00e0 feuillages persistant et des arbres \u00e0 hautes tiges seront plant\u00e9s pour agr\u00e9menter les abords.<\/p>\n<p>Le programme neuf \u00ab\u00a0Villa Sully\u00a0\u00bb (Appartement de maintien \u00e0 domicile), situ\u00e9 dans la ville du Cannet, est compos\u00e9 d&rsquo;appartements T1 et T2, livr\u00e9s le 4\u00e8metrimestre 2016. Ce programme neuf est \u00e9ligible aux dispositifs Censi Bouvard et LMNP. Il est \u00e9galement \u00e9ligible \u00e0 la r\u00e9sidence principale.<\/p>\n<p>bail commercial 12, 15 ou 18 ans ferme.<\/p>\n<p>D\u00e9couvrez la pr\u00e9sentation du concept Villa Sully par TF1 !<\/p>\n<p>EHPAD, Appartement de maintien \u00e0 domicile, LMNP Bouvard<\/p>\n","protected":false},"excerpt":{"rendered":"<p>Livraison pr\u00e9visionnelle &#8211; 4eme Trimestre 2016 Le projet consiste en la construction de 98 logements type \u201cVilla Sully\u201d, d\u2019un restaurant et d\u2019une maison de sant\u00e9. Il comprend 2 b\u00e2timents R+3 et R+4 + 2 sous sols. La conception du projet a \u00e9t\u00e9 imagin\u00e9e de fa\u00e7on \u00e0 adoucir la transition entre les immeubles collectifs voisins et [&hellip;]<\/p>\n","protected":false},"author":2,"featured_media":302,"parent":30,"menu_order":0,"comment_status":"closed","ping_status":"closed","template":"page-templates\/page-right-sidebar.php","meta":[],"_links":{"self":[{"href":"https:\/\/www.bellecourpatrimoine.fr\/gestion-de-patrimoine\/wp-json\/wp\/v2\/pages\/294"}],"collection":[{"href":"https:\/\/www.bellecourpatrimoine.fr\/gestion-de-patrimoine\/wp-json\/wp\/v2\/pages"}],"about":[{"href":"https:\/\/www.bellecourpatrimoine.fr\/gestion-de-patrimoine\/wp-json\/wp\/v2\/types\/page"}],"author":[{"embeddable":true,"href":"https:\/\/www.bellecourpatrimoine.fr\/gestion-de-patrimoine\/wp-json\/wp\/v2\/users\/2"}],"replies":[{"embeddable":true,"href":"https:\/\/www.bellecourpatrimoine.fr\/gestion-de-patrimoine\/wp-json\/wp\/v2\/comments?post=294"}],"version-history":[{"count":3,"href":"https:\/\/www.bellecourpatrimoine.fr\/gestion-de-patrimoine\/wp-json\/wp\/v2\/pages\/294\/revisions"}],"predecessor-version":[{"id":668,"href":"https:\/\/www.bellecourpatrimoine.fr\/gestion-de-patrimoine\/wp-json\/wp\/v2\/pages\/294\/revisions\/668"}],"up":[{"embeddable":true,"href":"https:\/\/www.bellecourpatrimoine.fr\/gestion-de-patrimoine\/wp-json\/wp\/v2\/pages\/30"}],"wp:featuredmedia":[{"embeddable":true,"href":"https:\/\/www.bellecourpatrimoine.fr\/gestion-de-patrimoine\/wp-json\/wp\/v2\/media\/302"}],"wp:attachment":[{"href":"https:\/\/www.bellecourpatrimoine.fr\/gestion-de-patrimoine\/wp-json\/wp\/v2\/media?parent=294"}],"curies":[{"name":"wp","href":"https:\/\/api.w.org\/{rel}","templated":true}]}}