{"id":292,"date":"2016-04-08T09:34:30","date_gmt":"2016-04-08T08:34:30","guid":{"rendered":"http:\/\/www.bellecourpatrimoine.fr\/gestion-de-patrimoine\/?page_id=292"},"modified":"2016-05-19T08:11:48","modified_gmt":"2016-05-19T07:11:48","slug":"programme-albertville-le-parc-de-jade","status":"publish","type":"page","link":"https:\/\/www.bellecourpatrimoine.fr\/gestion-de-patrimoine\/biens-a-la-vente\/rhone-alpes\/programme-albertville-le-parc-de-jade\/","title":{"rendered":"Programme Albertville &#8211; Le Parc de Jade (R\u00e9sidence s\u00e9nior d\u00e8s 122 000\u20ac)"},"content":{"rendered":"<p>LE PARC DE JADE, une r\u00e9sidence Services Seniors, en plein centre d&rsquo;Albertville&#8230;Int\u00e9gr\u00e9e dans une ancienne propri\u00e9t\u00e9 bourgeoise avec un grand parc, la r\u00e9sidence allie le confort du neuf et le charme de la r\u00e9novation.<\/p>\n<p>Du T1 au T3, la r\u00e9sidence r\u00e9pond aux besoins des seniors avec des services adapt\u00e9s : un bassin d&rsquo;aquagym, un espace beaut\u00e9, un restaurant&#8230; Un bail commercial de 11 ans, p\u00e9rennit\u00e9 et s\u00e9curit\u00e9 de l&rsquo;investissement.<\/p>\n<p>Nouvelle rentabilit\u00e9 ! &#8211; Acquisition hors taxes possible !<\/p>\n","protected":false},"excerpt":{"rendered":"<p>LE PARC DE JADE, une r\u00e9sidence Services Seniors, en plein centre d&rsquo;Albertville&#8230;Int\u00e9gr\u00e9e dans une ancienne propri\u00e9t\u00e9 bourgeoise avec un grand parc, la r\u00e9sidence allie le confort du neuf et le charme de la r\u00e9novation. Du T1 au T3, la r\u00e9sidence r\u00e9pond aux besoins des seniors avec des services adapt\u00e9s : un bassin d&rsquo;aquagym, un espace [&hellip;]<\/p>\n","protected":false},"author":2,"featured_media":303,"parent":34,"menu_order":0,"comment_status":"closed","ping_status":"closed","template":"page-templates\/page-right-sidebar.php","meta":[],"_links":{"self":[{"href":"https:\/\/www.bellecourpatrimoine.fr\/gestion-de-patrimoine\/wp-json\/wp\/v2\/pages\/292"}],"collection":[{"href":"https:\/\/www.bellecourpatrimoine.fr\/gestion-de-patrimoine\/wp-json\/wp\/v2\/pages"}],"about":[{"href":"https:\/\/www.bellecourpatrimoine.fr\/gestion-de-patrimoine\/wp-json\/wp\/v2\/types\/page"}],"author":[{"embeddable":true,"href":"https:\/\/www.bellecourpatrimoine.fr\/gestion-de-patrimoine\/wp-json\/wp\/v2\/users\/2"}],"replies":[{"embeddable":true,"href":"https:\/\/www.bellecourpatrimoine.fr\/gestion-de-patrimoine\/wp-json\/wp\/v2\/comments?post=292"}],"version-history":[{"count":3,"href":"https:\/\/www.bellecourpatrimoine.fr\/gestion-de-patrimoine\/wp-json\/wp\/v2\/pages\/292\/revisions"}],"predecessor-version":[{"id":453,"href":"https:\/\/www.bellecourpatrimoine.fr\/gestion-de-patrimoine\/wp-json\/wp\/v2\/pages\/292\/revisions\/453"}],"up":[{"embeddable":true,"href":"https:\/\/www.bellecourpatrimoine.fr\/gestion-de-patrimoine\/wp-json\/wp\/v2\/pages\/34"}],"wp:featuredmedia":[{"embeddable":true,"href":"https:\/\/www.bellecourpatrimoine.fr\/gestion-de-patrimoine\/wp-json\/wp\/v2\/media\/303"}],"wp:attachment":[{"href":"https:\/\/www.bellecourpatrimoine.fr\/gestion-de-patrimoine\/wp-json\/wp\/v2\/media?parent=292"}],"curies":[{"name":"wp","href":"https:\/\/api.w.org\/{rel}","templated":true}]}}