{"id":26,"date":"2016-05-10T18:21:34","date_gmt":"2016-05-10T17:21:34","guid":{"rendered":"http:\/\/www.bellecourpatrimoine.fr\/gestion-de-patrimoine\/?page_id=26"},"modified":"2016-05-18T14:23:21","modified_gmt":"2016-05-18T13:23:21","slug":"la-loi-pinel","status":"publish","type":"page","link":"https:\/\/www.bellecourpatrimoine.fr\/gestion-de-patrimoine\/defiscalisation\/la-loi-pinel\/","title":{"rendered":"La loi Pinel"},"content":{"rendered":"<p>POUR TOUT CONTRAT DE RESERVATION SIGNE AVANT LE 30\/06\/2016 UN IPAD AIR OFFERT ou\u00a0un WEEK-END A 2 A BARCELONE\u00a0!!!<\/p>\n<p>La loi Pinel permet de profiter d\u2019un avantage fiscal. Chaque contribuable fran\u00e7ais peut investir en Pinel dans un bien immobilier neuf ou r\u00e9habilitation dans l&rsquo;ancien\u00a0et s\u2019engager \u00e0 le louer pour une p\u00e9riode de 6, 9 ou 12 ans. En contrepartie, il d\u00e9duit de ses imp\u00f4ts un pourcentage proportionnel \u00e0 son engagement de 12, 18 ou 21%<\/p>\n<p>&nbsp;<\/p>\n<p><strong><u>Avantages de la loi PINEL\u00a0:<\/u><\/strong><\/p>\n<p>&nbsp;<\/p>\n<p><strong>1 \u2013 D\u00e9fiscaliser.<\/strong><\/p>\n<p>21 % pour les investisseurs qui s&rsquo;engagent \u00a0\u00e0 louer l&rsquo;appartement sur 12 ans.<\/p>\n<p>18 % pour les investisseurs qui s&rsquo;engagent\u00a0 \u00e0 louer l&rsquo;appartement sur 9 ans.<\/p>\n<p>12 % pour les investisseurs qui s&rsquo;engagent\u00a0 \u00e0 louer l&rsquo;appartement sur 6 ans.<\/p>\n<p>&nbsp;<\/p>\n<p><strong>2 \u2013 Devenir propri\u00e9taire sans apport en investissant en Pinel<\/strong><\/p>\n<p>Pour investir en Pinel, il faut acqu\u00e9rir un bien neuf. Il vous est possible de l\u2019acqu\u00e9rir sans apport en effectuant un pr\u00eat aupr\u00e8s d\u2019une banque. Ce pr\u00eat sera \u00e0 rembourser sous forme de mensualit\u00e9s, c\u2019est votre effort d\u2019\u00e9pargne. Le bien est financ\u00e9 par l\u2019avantage fiscal, les loyers per\u00e7us et cet effort d\u2019\u00e9pargne.<\/p>\n<p>&nbsp;<\/p>\n<p><strong>3 \u2013 Investir en Pinel et se constituer un patrimoine<\/strong><\/p>\n<p>La pierre est un placement solide et \u00e0 haute valorisation qui vous permet de placer votre argent \u00e0 un taux sup\u00e9rieur qu\u2019un placement bancaire classique. Investir en Pinel vous permet de vous constituer un patrimoine solide et p\u00e9renne \u00e0 travers l\u2019acquisition d\u2019un bien immobilier. \u00c0 la fin de votre engagement, vous pouvez profiter de ce patrimoine comme vous le souhaitez, \u00e0 savoir : le revendre, conserver une rente avec les loyers et augmenter votre patrimoine.<\/p>\n<p>&nbsp;<\/p>\n<p><strong>4 \u2013 Pr\u00e9parer sa retraite<\/strong><\/p>\n<p>En investissant en Pinel vous \u00eates libre de disposer de votre bien \u00e0 la fin de votre p\u00e9riode d\u2019engagement de 6, 9 ou 12 ans. Vous pouvez donc :<\/p>\n<p>Continuer de recevoir des loyers qui ne seront plus soumis aux plafonds<\/p>\n<p>Revendre votre bien afin de r\u00e9cup\u00e9rer une plus-value<\/p>\n<p>Utiliser votre bien pour votre usage personnel en qualit\u00e9 de logement principal ou secondaire<\/p>\n<p>&nbsp;<\/p>\n<p><strong>5 \u2013 Prot\u00e9ger sa famille<\/strong><\/p>\n<p>La loi Pinel remplace la loi Duflot et permet, contrairement \u00e0 l\u2019ancienne, de louer son bien \u00e0 ses proches et sa famille : ascendants comme descendants. Investir en Pinel, c\u2019est donc \u00e0 pr\u00e9sent la possibilit\u00e9 de louer votre bien \u00e0 vos enfants, petits-enfants ou encore vos parents ou grands-parents.<\/p>\n<p>&nbsp;<\/p>\n<p>De plus, vous les prot\u00e9gez gr\u00e2ce \u00e0 votre investissement Pinel : en cas d\u2019accident de la vie, vos proches sont prot\u00e9g\u00e9s par l\u2019assurance de votre pr\u00eat. Vous ne laissez aucunes dettes mais vous les prot\u00e9gez en leur laissant un bien qu\u2019ils pourront transformer en rente ou en capital ; le cr\u00e9dit restant \u00e9tant enti\u00e8rement pay\u00e9 par la compagnie d\u2019assurance.<\/p>\n<p>Dans le cadre de la Loi Pinel, il est accord\u00e9 un Abattement Exceptionnel de 100 000 \u20ac pour les Donations aux Enfants et Petits-Enfants, dans le cadre de l&rsquo;acquisition d&rsquo;un logement neuf jusqu&rsquo;\u00e0 fin 2016.<\/p>\n<p>&nbsp;<\/p>\n<p>Nous remettons \u00e0 nos clients une note compl\u00e8te sur l&rsquo;ensemble du dispositif Pinel, pour en savoir davantage, contactez nous.<\/p>\n","protected":false},"excerpt":{"rendered":"<p>POUR TOUT CONTRAT DE RESERVATION SIGNE AVANT LE 30\/06\/2016 UN IPAD AIR OFFERT ou\u00a0un WEEK-END A 2 A BARCELONE\u00a0!!! La loi Pinel permet de profiter d\u2019un avantage fiscal. Chaque contribuable fran\u00e7ais peut investir en Pinel dans un bien immobilier neuf ou r\u00e9habilitation dans l&rsquo;ancien\u00a0et s\u2019engager \u00e0 le louer pour une p\u00e9riode de 6, 9 ou [&hellip;]<\/p>\n","protected":false},"author":1,"featured_media":0,"parent":33,"menu_order":0,"comment_status":"closed","ping_status":"closed","template":"page-templates\/page-right-sidebar.php","meta":[],"_links":{"self":[{"href":"https:\/\/www.bellecourpatrimoine.fr\/gestion-de-patrimoine\/wp-json\/wp\/v2\/pages\/26"}],"collection":[{"href":"https:\/\/www.bellecourpatrimoine.fr\/gestion-de-patrimoine\/wp-json\/wp\/v2\/pages"}],"about":[{"href":"https:\/\/www.bellecourpatrimoine.fr\/gestion-de-patrimoine\/wp-json\/wp\/v2\/types\/page"}],"author":[{"embeddable":true,"href":"https:\/\/www.bellecourpatrimoine.fr\/gestion-de-patrimoine\/wp-json\/wp\/v2\/users\/1"}],"replies":[{"embeddable":true,"href":"https:\/\/www.bellecourpatrimoine.fr\/gestion-de-patrimoine\/wp-json\/wp\/v2\/comments?post=26"}],"version-history":[{"count":5,"href":"https:\/\/www.bellecourpatrimoine.fr\/gestion-de-patrimoine\/wp-json\/wp\/v2\/pages\/26\/revisions"}],"predecessor-version":[{"id":442,"href":"https:\/\/www.bellecourpatrimoine.fr\/gestion-de-patrimoine\/wp-json\/wp\/v2\/pages\/26\/revisions\/442"}],"up":[{"embeddable":true,"href":"https:\/\/www.bellecourpatrimoine.fr\/gestion-de-patrimoine\/wp-json\/wp\/v2\/pages\/33"}],"wp:attachment":[{"href":"https:\/\/www.bellecourpatrimoine.fr\/gestion-de-patrimoine\/wp-json\/wp\/v2\/media?parent=26"}],"curies":[{"name":"wp","href":"https:\/\/api.w.org\/{rel}","templated":true}]}}