{"id":23,"date":"2016-03-10T18:20:11","date_gmt":"2016-03-10T17:20:11","guid":{"rendered":"http:\/\/www.bellecourpatrimoine.fr\/gestion-de-patrimoine\/?page_id=23"},"modified":"2016-05-19T08:46:40","modified_gmt":"2016-05-19T07:46:40","slug":"assurance-vie","status":"publish","type":"page","link":"https:\/\/www.bellecourpatrimoine.fr\/gestion-de-patrimoine\/epargne\/assurance-vie\/","title":{"rendered":"Assurance vie"},"content":{"rendered":"<p>L&rsquo;assurance vie : Le placement pr\u00e9f\u00e9r\u00e9 des Fran\u00e7ais !<\/p>\n<p>L&rsquo;encours des contrats d&rsquo;assurance-vie repr\u00e9sente 1 600 milliards d&rsquo;euros vs les 260 milliards sur les livrets A.<\/p>\n<p>Le march\u00e9, les r\u00e9glementations et les attentes de nos clients\u00a0\u00e9voluant sans cesse, nous nous effor\u00e7ons de trouver pour vous les meilleurs contrats, nous proposons :<\/p>\n<ul>\n<li>Un large choix d&rsquo;UC (Unit\u00e9s de comptes)\u00a0du plus d\u00e9fensif\u00a0au plus agressif.<\/li>\n<li>Les fonds Euro-croissance qui permettent de profiter des march\u00e9s financiers tout en pr\u00e9servant son capital sur une p\u00e9riode d\u00e9finie.<\/li>\n<li>Un large choix d&rsquo;options financi\u00e8res importantes \u00e0 prendre en compte<\/li>\n<\/ul>\n<p>Bellecour patrimoine vous proposera un pack au choix avec les 5 profils de risque :<\/p>\n<ul>\n<li>S\u00e9curit\u00e9 totale<\/li>\n<li>Profil d\u00e9fensif<\/li>\n<li>Profil \u00e9quilibr\u00e9<\/li>\n<li>Profil dynamique<\/li>\n<li>Profil agressif<\/li>\n<\/ul>\n<p>Vous souhaitez en savoir davantage sur nos contrats, contactez\u00a0notre sp\u00e9cialiste des placements.<\/p>\n","protected":false},"excerpt":{"rendered":"<p>L&rsquo;assurance vie : Le placement pr\u00e9f\u00e9r\u00e9 des Fran\u00e7ais ! L&rsquo;encours des contrats d&rsquo;assurance-vie repr\u00e9sente 1 600 milliards d&rsquo;euros vs les 260 milliards sur les livrets A. Le march\u00e9, les r\u00e9glementations et les attentes de nos clients\u00a0\u00e9voluant sans cesse, nous nous effor\u00e7ons de trouver pour vous les meilleurs contrats, nous proposons : Un large choix d&rsquo;UC [&hellip;]<\/p>\n","protected":false},"author":1,"featured_media":0,"parent":17,"menu_order":0,"comment_status":"closed","ping_status":"closed","template":"page-templates\/page-right-sidebar.php","meta":[],"_links":{"self":[{"href":"https:\/\/www.bellecourpatrimoine.fr\/gestion-de-patrimoine\/wp-json\/wp\/v2\/pages\/23"}],"collection":[{"href":"https:\/\/www.bellecourpatrimoine.fr\/gestion-de-patrimoine\/wp-json\/wp\/v2\/pages"}],"about":[{"href":"https:\/\/www.bellecourpatrimoine.fr\/gestion-de-patrimoine\/wp-json\/wp\/v2\/types\/page"}],"author":[{"embeddable":true,"href":"https:\/\/www.bellecourpatrimoine.fr\/gestion-de-patrimoine\/wp-json\/wp\/v2\/users\/1"}],"replies":[{"embeddable":true,"href":"https:\/\/www.bellecourpatrimoine.fr\/gestion-de-patrimoine\/wp-json\/wp\/v2\/comments?post=23"}],"version-history":[{"count":21,"href":"https:\/\/www.bellecourpatrimoine.fr\/gestion-de-patrimoine\/wp-json\/wp\/v2\/pages\/23\/revisions"}],"predecessor-version":[{"id":464,"href":"https:\/\/www.bellecourpatrimoine.fr\/gestion-de-patrimoine\/wp-json\/wp\/v2\/pages\/23\/revisions\/464"}],"up":[{"embeddable":true,"href":"https:\/\/www.bellecourpatrimoine.fr\/gestion-de-patrimoine\/wp-json\/wp\/v2\/pages\/17"}],"wp:attachment":[{"href":"https:\/\/www.bellecourpatrimoine.fr\/gestion-de-patrimoine\/wp-json\/wp\/v2\/media?parent=23"}],"curies":[{"name":"wp","href":"https:\/\/api.w.org\/{rel}","templated":true}]}}