{"id":152,"date":"2016-03-18T11:20:12","date_gmt":"2016-03-18T10:20:12","guid":{"rendered":"http:\/\/www.bellecourpatrimoine.fr\/gestion-de-patrimoine\/?page_id=152"},"modified":"2016-04-28T13:28:17","modified_gmt":"2016-04-28T12:28:17","slug":"linvestissement-socialement-responsable","status":"publish","type":"page","link":"https:\/\/www.bellecourpatrimoine.fr\/gestion-de-patrimoine\/epargne\/contrat-de-capitalisation\/linvestissement-socialement-responsable\/","title":{"rendered":"L&rsquo;investissement socialement responsable"},"content":{"rendered":"<p>L&rsquo;investissement socialement responsable (ISR) est un placement engag\u00e9 !<\/p>\n<p>Cet investissement a 2 objectifs principaux indissociables :<\/p>\n<p>&#8211; La performance \u00e9conomique \u00e0 travers l&rsquo;impact social et environnemental en finan\u00e7ant les entreprises<\/p>\n<p>&#8211; Les entit\u00e9s publiques qui contribuent au d\u00e9veloppement durable quel que soit leur secteur d&rsquo;activit\u00e9.<\/p>\n<p>&nbsp;<\/p>\n<p>L&rsquo;ISR profite de cette influence pour favoriser une \u00e9conomie responsable<\/p>\n<p>&nbsp;<\/p>\n<p>Chez Bellecour Patrimoine nous avons s\u00e9lectionn\u00e9s les ISR qui apporte un maximum de s\u00e9curit\u00e9.<\/p>\n<p>&nbsp;<\/p>\n","protected":false},"excerpt":{"rendered":"<p>L&rsquo;investissement socialement responsable (ISR) est un placement engag\u00e9 ! Cet investissement a 2 objectifs principaux indissociables : &#8211; La performance \u00e9conomique \u00e0 travers l&rsquo;impact social et environnemental en finan\u00e7ant les entreprises &#8211; Les entit\u00e9s publiques qui contribuent au d\u00e9veloppement durable quel que soit leur secteur d&rsquo;activit\u00e9. &nbsp; L&rsquo;ISR profite de cette influence pour favoriser une [&hellip;]<\/p>\n","protected":false},"author":2,"featured_media":0,"parent":32,"menu_order":0,"comment_status":"closed","ping_status":"closed","template":"page-templates\/page-right-sidebar.php","meta":[],"_links":{"self":[{"href":"https:\/\/www.bellecourpatrimoine.fr\/gestion-de-patrimoine\/wp-json\/wp\/v2\/pages\/152"}],"collection":[{"href":"https:\/\/www.bellecourpatrimoine.fr\/gestion-de-patrimoine\/wp-json\/wp\/v2\/pages"}],"about":[{"href":"https:\/\/www.bellecourpatrimoine.fr\/gestion-de-patrimoine\/wp-json\/wp\/v2\/types\/page"}],"author":[{"embeddable":true,"href":"https:\/\/www.bellecourpatrimoine.fr\/gestion-de-patrimoine\/wp-json\/wp\/v2\/users\/2"}],"replies":[{"embeddable":true,"href":"https:\/\/www.bellecourpatrimoine.fr\/gestion-de-patrimoine\/wp-json\/wp\/v2\/comments?post=152"}],"version-history":[{"count":4,"href":"https:\/\/www.bellecourpatrimoine.fr\/gestion-de-patrimoine\/wp-json\/wp\/v2\/pages\/152\/revisions"}],"predecessor-version":[{"id":158,"href":"https:\/\/www.bellecourpatrimoine.fr\/gestion-de-patrimoine\/wp-json\/wp\/v2\/pages\/152\/revisions\/158"}],"up":[{"embeddable":true,"href":"https:\/\/www.bellecourpatrimoine.fr\/gestion-de-patrimoine\/wp-json\/wp\/v2\/pages\/32"}],"wp:attachment":[{"href":"https:\/\/www.bellecourpatrimoine.fr\/gestion-de-patrimoine\/wp-json\/wp\/v2\/media?parent=152"}],"curies":[{"name":"wp","href":"https:\/\/api.w.org\/{rel}","templated":true}]}}