{"id":149,"date":"2016-03-18T11:19:09","date_gmt":"2016-03-18T10:19:09","guid":{"rendered":"http:\/\/www.bellecourpatrimoine.fr\/gestion-de-patrimoine\/?page_id=149"},"modified":"2016-04-28T13:24:56","modified_gmt":"2016-04-28T12:24:56","slug":"proclero","status":"publish","type":"page","link":"https:\/\/www.bellecourpatrimoine.fr\/gestion-de-patrimoine\/proclero\/","title":{"rendered":"Proclero"},"content":{"rendered":"<p>Voici une pr\u00e9sentation du fonds Proclero qui est g\u00e9r\u00e9 selon une \u00e9thique renouvel\u00e9e \u00e0 la lumi\u00e8re de la Doctrine sociale de l&rsquo;Eglise catholique.<\/p>\n<p>Ce fonds permet aux investisseurs (sur notre assurance vie ou notre\u00a0contrat de capitalisation) d&rsquo;assumer la\u00a0responsabilit\u00e9 morale de leurs placement\u00a0au travers d&rsquo;un acte citoyen impliquant et vertueux.<\/p>\n<p>&nbsp;<\/p>\n<p>Quelques mots sur ce fonds :<\/p>\n<p>Les entreprises ayant pass\u00e9 le premier filtre compos\u00e9 de crit\u00e8res d\u2019exclusion (armement, jeux d\u2019argent, pornographie, tabac, alcool) sont concr\u00e8tement \u00e9valu\u00e9es sur la base de crit\u00e8res extra-financiers tels que\u00a0:<\/p>\n<ol>\n<li>le respect des\u00a0<strong>droits de l\u2019Homme<\/strong><\/li>\n<li>la\u00a0<strong>politique sociale<\/strong>\u00a0men\u00e9e par les entreprises<\/li>\n<li>la\u00a0<strong>gestion des impacts environnementaux<\/strong>\u00a0li\u00e9s \u00e0 leur activit\u00e9<\/li>\n<li>la qualit\u00e9 des\u00a0<strong>relations<\/strong>\u00a0nou\u00e9es\u00a0<strong>avec les fournisseurs et les clients<\/strong><\/li>\n<li>les\u00a0<strong>partenariats<\/strong>\u00a0tiss\u00e9s\u00a0<strong>avec les communaut\u00e9s locales<\/strong>\u00a0des lieux d\u2019implantation<\/li>\n<li>la\u00a0<strong>gouvernance<\/strong>\u00a0mise en \u0153uvre<\/li>\n<\/ol>\n<p>&nbsp;<\/p>\n<p>Les investissements r\u00e9alis\u00e9s dans Proclero sont le point de rencontre entre un profil financier int\u00e9ressant, une r\u00e9ponse aux crit\u00e8res d\u2019\u00e9cologie humaine (\u00e0 travers l\u2019exclusion sectorielle et la s\u00e9lection best-in-class) et une activit\u00e9 \u00e0 forte valeur ajout\u00e9e humaine.<\/p>\n<p>&nbsp;<\/p>\n<p>&nbsp;<\/p>\n<p>&nbsp;<\/p>\n<p>&nbsp;<\/p>\n<p>&nbsp;<\/p>\n<div><\/div>\n","protected":false},"excerpt":{"rendered":"<p>Voici une pr\u00e9sentation du fonds Proclero qui est g\u00e9r\u00e9 selon une \u00e9thique renouvel\u00e9e \u00e0 la lumi\u00e8re de la Doctrine sociale de l&rsquo;Eglise catholique. Ce fonds permet aux investisseurs (sur notre assurance vie ou notre\u00a0contrat de capitalisation) d&rsquo;assumer la\u00a0responsabilit\u00e9 morale de leurs placement\u00a0au travers d&rsquo;un acte citoyen impliquant et vertueux. &nbsp; Quelques mots sur ce fonds [&hellip;]<\/p>\n","protected":false},"author":2,"featured_media":0,"parent":0,"menu_order":14,"comment_status":"closed","ping_status":"closed","template":"page-templates\/page-right-sidebar.php","meta":[],"_links":{"self":[{"href":"https:\/\/www.bellecourpatrimoine.fr\/gestion-de-patrimoine\/wp-json\/wp\/v2\/pages\/149"}],"collection":[{"href":"https:\/\/www.bellecourpatrimoine.fr\/gestion-de-patrimoine\/wp-json\/wp\/v2\/pages"}],"about":[{"href":"https:\/\/www.bellecourpatrimoine.fr\/gestion-de-patrimoine\/wp-json\/wp\/v2\/types\/page"}],"author":[{"embeddable":true,"href":"https:\/\/www.bellecourpatrimoine.fr\/gestion-de-patrimoine\/wp-json\/wp\/v2\/users\/2"}],"replies":[{"embeddable":true,"href":"https:\/\/www.bellecourpatrimoine.fr\/gestion-de-patrimoine\/wp-json\/wp\/v2\/comments?post=149"}],"version-history":[{"count":5,"href":"https:\/\/www.bellecourpatrimoine.fr\/gestion-de-patrimoine\/wp-json\/wp\/v2\/pages\/149\/revisions"}],"predecessor-version":[{"id":484,"href":"https:\/\/www.bellecourpatrimoine.fr\/gestion-de-patrimoine\/wp-json\/wp\/v2\/pages\/149\/revisions\/484"}],"wp:attachment":[{"href":"https:\/\/www.bellecourpatrimoine.fr\/gestion-de-patrimoine\/wp-json\/wp\/v2\/media?parent=149"}],"curies":[{"name":"wp","href":"https:\/\/api.w.org\/{rel}","templated":true}]}}