{"id":622,"date":"2016-10-12T16:50:25","date_gmt":"2016-10-12T15:50:25","guid":{"rendered":"http:\/\/www.bellecourpatrimoine.fr\/defiscalisation-au-portugal\/?page_id=622"},"modified":"2016-11-03T20:41:09","modified_gmt":"2016-11-03T19:41:09","slug":"nazare","status":"publish","type":"page","link":"https:\/\/www.bellecourpatrimoine.fr\/defiscalisation-au-portugal\/nazare\/","title":{"rendered":"R\u00e9gion de Nazar\u00e9"},"content":{"rendered":"<p><span style=\"text-decoration: underline\"><strong>Superbe projet immobilier avec vue sur l&rsquo;oc\u00e9an:<\/strong><\/span><\/p>\n<p>Projet marqu\u00e9 par ses lignes modernes. Vous pourrez profiter d&rsquo;une vue fantastique sur la ville de Nazareth et du coucher du soleil sur votre balcon.<\/p>\n<p>Vingt deux appartements avec de beaux volumes, des finitions de qualit\u00e9 et des lignes modernes:<\/p>\n<ul>\n<li>3 pi\u00e8ces de 69 m2 \u00e0 90 m2<\/li>\n<li>4 pi\u00e8ces de 90 m2 \u00e0 130 m2<\/li>\n<\/ul>\n<p>&nbsp;<\/p>\n<p><a href=\"http:\/\/www.bellecourpatrimoine.fr\/defiscalisation-au-portugal\/biens-a-la-vente\/a1\/\" rel=\"attachment wp-att-621\"><img decoding=\"async\" loading=\"lazy\" class=\"alignnone size-full wp-image-621\" src=\"http:\/\/www.bellecourpatrimoine.fr\/defiscalisation-au-portugal\/wp-content\/uploads\/sites\/7\/2016\/03\/a1.jpg\" alt=\"a1\" width=\"1920\" height=\"961\" srcset=\"https:\/\/www.bellecourpatrimoine.fr\/defiscalisation-au-portugal\/wp-content\/uploads\/sites\/7\/2016\/03\/a1.jpg 1920w, https:\/\/www.bellecourpatrimoine.fr\/defiscalisation-au-portugal\/wp-content\/uploads\/sites\/7\/2016\/03\/a1-300x150.jpg 300w, https:\/\/www.bellecourpatrimoine.fr\/defiscalisation-au-portugal\/wp-content\/uploads\/sites\/7\/2016\/03\/a1-768x384.jpg 768w, https:\/\/www.bellecourpatrimoine.fr\/defiscalisation-au-portugal\/wp-content\/uploads\/sites\/7\/2016\/03\/a1-1024x513.jpg 1024w\" sizes=\"(max-width: 1920px) 100vw, 1920px\" \/><\/a><\/p>\n<p>&nbsp;<\/p>\n<p><a href=\"http:\/\/www.bellecourpatrimoine.fr\/defiscalisation-au-portugal\/biens-a-la-vente\/_final_sala\/\" rel=\"attachment wp-att-620\"><img decoding=\"async\" loading=\"lazy\" class=\"alignnone size-full wp-image-620\" src=\"http:\/\/www.bellecourpatrimoine.fr\/defiscalisation-au-portugal\/wp-content\/uploads\/sites\/7\/2016\/03\/final_sala.jpg\" alt=\"_final_sala\" width=\"1920\" height=\"1080\" srcset=\"https:\/\/www.bellecourpatrimoine.fr\/defiscalisation-au-portugal\/wp-content\/uploads\/sites\/7\/2016\/03\/final_sala.jpg 1920w, https:\/\/www.bellecourpatrimoine.fr\/defiscalisation-au-portugal\/wp-content\/uploads\/sites\/7\/2016\/03\/final_sala-300x169.jpg 300w, https:\/\/www.bellecourpatrimoine.fr\/defiscalisation-au-portugal\/wp-content\/uploads\/sites\/7\/2016\/03\/final_sala-768x432.jpg 768w, https:\/\/www.bellecourpatrimoine.fr\/defiscalisation-au-portugal\/wp-content\/uploads\/sites\/7\/2016\/03\/final_sala-1024x576.jpg 1024w\" sizes=\"(max-width: 1920px) 100vw, 1920px\" \/><\/a><a href=\"http:\/\/www.bellecourpatrimoine.fr\/defiscalisation-au-portugal\/biens-a-la-vente\/_final_cozinha\/\" rel=\"attachment wp-att-617\"><img decoding=\"async\" loading=\"lazy\" class=\"alignnone size-full wp-image-617\" src=\"http:\/\/www.bellecourpatrimoine.fr\/defiscalisation-au-portugal\/wp-content\/uploads\/sites\/7\/2016\/03\/final_cozinha.jpg\" alt=\"_final_cozinha\" width=\"1920\" height=\"1080\" srcset=\"https:\/\/www.bellecourpatrimoine.fr\/defiscalisation-au-portugal\/wp-content\/uploads\/sites\/7\/2016\/03\/final_cozinha.jpg 1920w, https:\/\/www.bellecourpatrimoine.fr\/defiscalisation-au-portugal\/wp-content\/uploads\/sites\/7\/2016\/03\/final_cozinha-300x169.jpg 300w, https:\/\/www.bellecourpatrimoine.fr\/defiscalisation-au-portugal\/wp-content\/uploads\/sites\/7\/2016\/03\/final_cozinha-768x432.jpg 768w, https:\/\/www.bellecourpatrimoine.fr\/defiscalisation-au-portugal\/wp-content\/uploads\/sites\/7\/2016\/03\/final_cozinha-1024x576.jpg 1024w\" sizes=\"(max-width: 1920px) 100vw, 1920px\" \/><\/a><\/p>\n","protected":false},"excerpt":{"rendered":"<p>Superbe projet immobilier avec vue sur l&rsquo;oc\u00e9an: Projet marqu\u00e9 par ses lignes modernes. Vous pourrez profiter d&rsquo;une vue fantastique sur la ville de Nazareth et du coucher du soleil sur votre balcon. Vingt deux appartements avec de beaux volumes, des finitions de qualit\u00e9 et des lignes modernes: 3 pi\u00e8ces de 69 m2 \u00e0 90 m2 [&hellip;]<\/p>\n","protected":false},"author":4,"featured_media":0,"parent":0,"menu_order":3,"comment_status":"closed","ping_status":"closed","template":"","meta":[],"_links":{"self":[{"href":"https:\/\/www.bellecourpatrimoine.fr\/defiscalisation-au-portugal\/wp-json\/wp\/v2\/pages\/622"}],"collection":[{"href":"https:\/\/www.bellecourpatrimoine.fr\/defiscalisation-au-portugal\/wp-json\/wp\/v2\/pages"}],"about":[{"href":"https:\/\/www.bellecourpatrimoine.fr\/defiscalisation-au-portugal\/wp-json\/wp\/v2\/types\/page"}],"author":[{"embeddable":true,"href":"https:\/\/www.bellecourpatrimoine.fr\/defiscalisation-au-portugal\/wp-json\/wp\/v2\/users\/4"}],"replies":[{"embeddable":true,"href":"https:\/\/www.bellecourpatrimoine.fr\/defiscalisation-au-portugal\/wp-json\/wp\/v2\/comments?post=622"}],"version-history":[{"count":8,"href":"https:\/\/www.bellecourpatrimoine.fr\/defiscalisation-au-portugal\/wp-json\/wp\/v2\/pages\/622\/revisions"}],"predecessor-version":[{"id":640,"href":"https:\/\/www.bellecourpatrimoine.fr\/defiscalisation-au-portugal\/wp-json\/wp\/v2\/pages\/622\/revisions\/640"}],"wp:attachment":[{"href":"https:\/\/www.bellecourpatrimoine.fr\/defiscalisation-au-portugal\/wp-json\/wp\/v2\/media?parent=622"}],"curies":[{"name":"wp","href":"https:\/\/api.w.org\/{rel}","templated":true}]}}