{"id":593,"date":"2016-04-28T09:34:18","date_gmt":"2016-04-28T08:34:18","guid":{"rendered":"http:\/\/www.bellecourpatrimoine.fr\/defiscalisation-au-portugal\/?page_id=593"},"modified":"2016-04-29T09:51:55","modified_gmt":"2016-04-29T08:51:55","slug":"expatriation-au-portugal","status":"publish","type":"page","link":"https:\/\/www.bellecourpatrimoine.fr\/defiscalisation-au-portugal\/expatriation-au-portugal\/","title":{"rendered":"Expatriation au Portugal"},"content":{"rendered":"<h2>Vous pouvez d\u00e8s \u00e0 pr\u00e9sent b\u00e9n\u00e9ficier de notre accompagnement pour la recherche de votre bien immobilier au Portugal. Pour cela, remplissez le formulaire ci-dessous.<\/h2>\n\n                <div class='gf_browser_gecko gform_wrapper' id='gform_wrapper_3' style='display:none'><a id='gf_3' class='gform_anchor' ><\/a><form method='post' enctype='multipart\/form-data' target='gform_ajax_frame_3' id='gform_3'  action='\/defiscalisation-au-portugal\/wp-json\/wp\/v2\/pages\/593#gf_3'>\n                        <div class='gform_body'><ul id='gform_fields_3' class='gform_fields top_label form_sublabel_below description_below'><li id='field_3_20' class='gfield gfield_contains_required field_sublabel_below field_description_below gfield_visibility_visible' ><label class='gfield_label' for='input_3_20' >R\u00e9gion souhait\u00e9e<span class='gfield_required'>*<\/span><\/label><div class='ginput_container ginput_container_select'><select name='input_20' id='input_3_20' onchange='gf_apply_rules(3,[0,21]);' class='medium gfield_select' tabindex='1'  aria-required=\"true\" aria-invalid=\"false\"><option value='Algarve' >Algarve<\/option><option value='Lisbonne' >Lisbonne<\/option><option value='Porto' >Porto<\/option><option value='Autre' >Autre<\/option><\/select><\/div><\/li><li id='field_3_21' class='gfield gfield_contains_required field_sublabel_below field_description_below gfield_visibility_visible' ><label class='gfield_label' for='input_3_21' ><span class='gfield_required'>*<\/span><\/label><div class='ginput_container ginput_container_text'><input name='input_21' id='input_3_21' type='text' value='' class='medium'  tabindex='2' onchange='gf_apply_rules(3,[0]);' onkeyup='clearTimeout(__gf_timeout_handle); __gf_timeout_handle = setTimeout(\"gf_apply_rules(3,[0])\", 300);'  aria-required=\"true\" aria-invalid=\"false\" \/><\/div><\/li><li id='field_3_19' class='gfield gfield_contains_required field_sublabel_below field_description_below gfield_visibility_visible' ><label class='gfield_label' for='input_3_19' >Type de bien<span class='gfield_required'>*<\/span><\/label><div class='ginput_container ginput_container_select'><select name='input_19' id='input_3_19' onchange='gf_apply_rules(3,[0,22]);' class='medium gfield_select' tabindex='3'  aria-required=\"true\" aria-invalid=\"false\"><option value='Maison' >Maison<\/option><option value='Appartement' >Appartement<\/option><option value='Autre' >Autre<\/option><\/select><\/div><\/li><li id='field_3_22' class='gfield gfield_contains_required field_sublabel_below field_description_below gfield_visibility_visible' ><label class='gfield_label' for='input_3_22' ><span class='gfield_required'>*<\/span><\/label><div class='ginput_container ginput_container_text'><input name='input_22' id='input_3_22' type='text' value='' class='medium'  tabindex='4' onchange='gf_apply_rules(3,[0]);' onkeyup='clearTimeout(__gf_timeout_handle); __gf_timeout_handle = setTimeout(\"gf_apply_rules(3,[0])\", 300);'  aria-required=\"true\" aria-invalid=\"false\" \/><\/div><\/li><li id='field_3_23' class='gfield gfield_contains_required field_sublabel_below field_description_below gfield_visibility_visible' ><label class='gfield_label' for='input_3_23' >Type de transaction<span class='gfield_required'>*<\/span><\/label><div class='ginput_container ginput_container_select'><select name='input_23' id='input_3_23' onchange='gf_apply_rules(3,[0]);' class='medium gfield_select' tabindex='5'  aria-required=\"true\" aria-invalid=\"false\"><option value='Achat' >Achat<\/option><option value='Location' >Location<\/option><\/select><\/div><\/li><li id='field_3_24' class='gfield gfield_contains_required field_sublabel_below field_description_below gfield_visibility_visible' ><label class='gfield_label' for='input_3_24' >Etat<span class='gfield_required'>*<\/span><\/label><div class='ginput_container ginput_container_select'><select name='input_24' id='input_3_24' onchange='gf_apply_rules(3,[0]);' class='medium gfield_select' tabindex='6'  aria-required=\"true\" aria-invalid=\"false\"><option value='Neuf' >Neuf<\/option><option value='Sur plan' >Sur plan<\/option><option value='Ancien' >Ancien<\/option><option value='A r\u00e9nover' >A r\u00e9nover<\/option><\/select><\/div><\/li><li id='field_3_25' class='gfield half first field_sublabel_below field_description_below gfield_visibility_visible' ><label class='gfield_label' for='input_3_25' >Montant du projet<\/label><div class='ginput_container ginput_container_text'><input name='input_25' id='input_3_25' type='text' value='' class='medium'  tabindex='7' onchange='gf_apply_rules(3,[0]);' onkeyup='clearTimeout(__gf_timeout_handle); __gf_timeout_handle = setTimeout(\"gf_apply_rules(3,[0])\", 300);'   aria-invalid=\"false\" \/><\/div><\/li><li id='field_3_26' class='gfield half last field_sublabel_below field_description_below gfield_visibility_visible' ><label class='gfield_label' for='input_3_26' >Date du projet<\/label><div class='ginput_container ginput_container_text'><input name='input_26' id='input_3_26' type='text' value='' class='medium'  tabindex='8' onchange='gf_apply_rules(3,[0]);' onkeyup='clearTimeout(__gf_timeout_handle); __gf_timeout_handle = setTimeout(\"gf_apply_rules(3,[0])\", 300);'   aria-invalid=\"false\" \/><\/div><\/li><li id='field_3_27' class='gfield field_sublabel_below field_description_below gfield_visibility_visible' ><label class='gfield_label' for='input_3_27' >Configuration du bien<\/label><div class='ginput_container ginput_container_text'><input name='input_27' id='input_3_27' type='text' value='' class='medium'  tabindex='9' onchange='gf_apply_rules(3,[0]);' onkeyup='clearTimeout(__gf_timeout_handle); __gf_timeout_handle = setTimeout(\"gf_apply_rules(3,[0])\", 300);'   aria-invalid=\"false\" \/><\/div><\/li><li id='field_3_28' class='gfield half first field_sublabel_below field_description_below gfield_visibility_visible' ><label class='gfield_label' for='input_3_28' >Surface minimum souhait\u00e9e<\/label><div class='ginput_container ginput_container_text'><input name='input_28' id='input_3_28' type='text' value='' class='medium'  tabindex='10' onchange='gf_apply_rules(3,[0]);' onkeyup='clearTimeout(__gf_timeout_handle); __gf_timeout_handle = setTimeout(\"gf_apply_rules(3,[0])\", 300);'   aria-invalid=\"false\" \/><\/div><\/li><li id='field_3_29' class='gfield half last field_sublabel_below field_description_below gfield_visibility_visible' ><label class='gfield_label' for='input_3_29' >Nombre minimum de chambres<\/label><div class='ginput_container ginput_container_text'><input name='input_29' id='input_3_29' type='text' value='' class='medium'  tabindex='11' onchange='gf_apply_rules(3,[0]);' onkeyup='clearTimeout(__gf_timeout_handle); __gf_timeout_handle = setTimeout(\"gf_apply_rules(3,[0])\", 300);'   aria-invalid=\"false\" \/><\/div><\/li><li id='field_3_30' class='gfield field_sublabel_below field_description_below gfield_visibility_visible' ><label class='gfield_label'  >Affinez votre recherche<\/label><div class='ginput_container ginput_container_checkbox'><ul class='gfield_checkbox' id='input_3_30'><li class='gchoice_3_30_1'>\n\t\t\t\t\t\t\t\t<input name='input_30.1' type='checkbox' onclick='gf_apply_rules(3,[0]);' onkeypress='gf_apply_rules(3,[0]);' value='Cuisine s\u00e9par\u00e9e'  id='choice_3_30_1' tabindex='12'  \/>\n\t\t\t\t\t\t\t\t<label for='choice_3_30_1' id='label_3_30_1'>Cuisine s\u00e9par\u00e9e<\/label>\n\t\t\t\t\t\t\t<\/li><li class='gchoice_3_30_2'>\n\t\t\t\t\t\t\t\t<input name='input_30.2' type='checkbox' onclick='gf_apply_rules(3,[0]);' onkeypress='gf_apply_rules(3,[0]);' value='WC s\u00e9par\u00e9s'  id='choice_3_30_2' tabindex='13'  \/>\n\t\t\t\t\t\t\t\t<label for='choice_3_30_2' id='label_3_30_2'>WC s\u00e9par\u00e9s<\/label>\n\t\t\t\t\t\t\t<\/li><li class='gchoice_3_30_3'>\n\t\t\t\t\t\t\t\t<input name='input_30.3' type='checkbox' onclick='gf_apply_rules(3,[0]);' onkeypress='gf_apply_rules(3,[0]);' value='Terrasse'  id='choice_3_30_3' tabindex='14'  \/>\n\t\t\t\t\t\t\t\t<label for='choice_3_30_3' id='label_3_30_3'>Terrasse<\/label>\n\t\t\t\t\t\t\t<\/li><li class='gchoice_3_30_4'>\n\t\t\t\t\t\t\t\t<input name='input_30.4' type='checkbox' onclick='gf_apply_rules(3,[0]);' onkeypress='gf_apply_rules(3,[0]);' value='Balcon'  id='choice_3_30_4' tabindex='15'  \/>\n\t\t\t\t\t\t\t\t<label for='choice_3_30_4' id='label_3_30_4'>Balcon<\/label>\n\t\t\t\t\t\t\t<\/li><li class='gchoice_3_30_5'>\n\t\t\t\t\t\t\t\t<input name='input_30.5' type='checkbox' onclick='gf_apply_rules(3,[0]);' onkeypress='gf_apply_rules(3,[0]);' value='Garage'  id='choice_3_30_5' tabindex='16'  \/>\n\t\t\t\t\t\t\t\t<label for='choice_3_30_5' id='label_3_30_5'>Garage<\/label>\n\t\t\t\t\t\t\t<\/li><li class='gchoice_3_30_6'>\n\t\t\t\t\t\t\t\t<input name='input_30.6' type='checkbox' onclick='gf_apply_rules(3,[0]);' onkeypress='gf_apply_rules(3,[0]);' value='Jardin'  id='choice_3_30_6' tabindex='17'  \/>\n\t\t\t\t\t\t\t\t<label for='choice_3_30_6' id='label_3_30_6'>Jardin<\/label>\n\t\t\t\t\t\t\t<\/li><li class='gchoice_3_30_7'>\n\t\t\t\t\t\t\t\t<input name='input_30.7' type='checkbox' onclick='gf_apply_rules(3,[0]);' onkeypress='gf_apply_rules(3,[0]);' value='Piscine'  id='choice_3_30_7' tabindex='18'  \/>\n\t\t\t\t\t\t\t\t<label for='choice_3_30_7' id='label_3_30_7'>Piscine<\/label>\n\t\t\t\t\t\t\t<\/li><\/ul><\/div><\/li><li id='field_3_31' class='gfield field_sublabel_below field_description_below gfield_visibility_visible' ><label class='gfield_label'  >Commodit\u00e9s<\/label><div class='ginput_container ginput_container_checkbox'><ul class='gfield_checkbox' id='input_3_31'><li class='gchoice_3_31_1'>\n\t\t\t\t\t\t\t\t<input name='input_31.1' type='checkbox' onclick='gf_apply_rules(3,[0,32]);' onkeypress='gf_apply_rules(3,[0,32]);' value='Proche du centre-ville'  id='choice_3_31_1' tabindex='19'  \/>\n\t\t\t\t\t\t\t\t<label for='choice_3_31_1' id='label_3_31_1'>Proche du centre-ville<\/label>\n\t\t\t\t\t\t\t<\/li><li class='gchoice_3_31_2'>\n\t\t\t\t\t\t\t\t<input name='input_31.2' type='checkbox' onclick='gf_apply_rules(3,[0,32]);' onkeypress='gf_apply_rules(3,[0,32]);' value='Proche des plages'  id='choice_3_31_2' tabindex='20'  \/>\n\t\t\t\t\t\t\t\t<label for='choice_3_31_2' id='label_3_31_2'>Proche des plages<\/label>\n\t\t\t\t\t\t\t<\/li><li class='gchoice_3_31_3'>\n\t\t\t\t\t\t\t\t<input name='input_31.3' type='checkbox' onclick='gf_apply_rules(3,[0,32]);' onkeypress='gf_apply_rules(3,[0,32]);' value='Bien \u00e0 la campagne'  id='choice_3_31_3' tabindex='21'  \/>\n\t\t\t\t\t\t\t\t<label for='choice_3_31_3' id='label_3_31_3'>Bien \u00e0 la campagne<\/label>\n\t\t\t\t\t\t\t<\/li><li class='gchoice_3_31_4'>\n\t\t\t\t\t\t\t\t<input name='input_31.4' type='checkbox' onclick='gf_apply_rules(3,[0,32]);' onkeypress='gf_apply_rules(3,[0,32]);' value='Autre'  id='choice_3_31_4' tabindex='22'  \/>\n\t\t\t\t\t\t\t\t<label for='choice_3_31_4' id='label_3_31_4'>Autre<\/label>\n\t\t\t\t\t\t\t<\/li><\/ul><\/div><\/li><li id='field_3_32' class='gfield field_sublabel_below field_description_below gfield_visibility_visible' ><label class='gfield_label' for='input_3_32' ><\/label><div class='ginput_container ginput_container_text'><input name='input_32' id='input_3_32' type='text' value='' class='medium'  tabindex='23' onchange='gf_apply_rules(3,[0]);' onkeyup='clearTimeout(__gf_timeout_handle); __gf_timeout_handle = setTimeout(\"gf_apply_rules(3,[0])\", 300);'   aria-invalid=\"false\" \/><\/div><\/li><li id='field_3_33' class='gfield field_sublabel_below field_description_below gfield_visibility_visible' ><label class='gfield_label' for='input_3_33' >Remarque compl\u00e9mentaire<\/label><div class='ginput_container ginput_container_textarea'><textarea name='input_33' id='input_3_33' class='textarea medium' tabindex='24' onchange='gf_apply_rules(3,[0]);' onkeyup='clearTimeout(__gf_timeout_handle); __gf_timeout_handle = setTimeout(\"gf_apply_rules(3,[0])\", 300);'   aria-invalid=\"false\"   rows='10' cols='50'><\/textarea><\/div><\/li><li id='field_3_34' class='gfield field_sublabel_below field_description_below gfield_visibility_visible' ><label class='gfield_label' for='input_3_34' >Moyen de financement<\/label><div class='ginput_container ginput_container_select'><select name='input_34' id='input_3_34' onchange='gf_apply_rules(3,[0]);' class='medium gfield_select' tabindex='25'   aria-invalid=\"false\"><option value='Comptant' >Comptant<\/option><option value='Cr\u00e9dit bancaire' >Cr\u00e9dit bancaire<\/option><\/select><\/div><\/li><li id='field_3_37' class='gfield gfield_html gfield_html_formatted gfield_no_follows_desc field_sublabel_below field_description_below gfield_visibility_visible' ><h3>Vos coordonn\u00e9es<\/h3><\/li><li id='field_3_14' class='gfield gfield_contains_required field_sublabel_below field_description_below gfield_visibility_visible' ><label class='gfield_label' for='input_3_14' >Pr\u00e9nom \/ Nom<span class='gfield_required'>*<\/span><\/label><div class='ginput_container ginput_container_text'><input name='input_14' id='input_3_14' type='text' value='' class='large'  tabindex='26' onchange='gf_apply_rules(3,[0]);' onkeyup='clearTimeout(__gf_timeout_handle); __gf_timeout_handle = setTimeout(\"gf_apply_rules(3,[0])\", 300);'  aria-required=\"true\" aria-invalid=\"false\" \/><\/div><\/li><li id='field_3_16' class='gfield half first gfield_contains_required field_sublabel_below field_description_below gfield_visibility_visible' ><label class='gfield_label' for='input_3_16' >Email<span class='gfield_required'>*<\/span><\/label><div class='ginput_container ginput_container_email'>\n                            <input name='input_16' id='input_3_16' type='text' value='' class='medium' tabindex='27' onchange='gf_apply_rules(3,[0]);' onkeyup='clearTimeout(__gf_timeout_handle); __gf_timeout_handle = setTimeout(\"gf_apply_rules(3,[0])\", 300);'   aria-required=\"true\" aria-invalid=\"false\"\/>\n                        <\/div><\/li><li id='field_3_17' class='gfield half last gfield_contains_required field_sublabel_below field_description_below gfield_visibility_visible' ><label class='gfield_label' for='input_3_17' >T\u00e9l\u00e9phone<span class='gfield_required'>*<\/span><\/label><div class='ginput_container ginput_container_text'><input name='input_17' id='input_3_17' type='text' value='' class='medium'  tabindex='28' onchange='gf_apply_rules(3,[0]);' onkeyup='clearTimeout(__gf_timeout_handle); __gf_timeout_handle = setTimeout(\"gf_apply_rules(3,[0])\", 300);'  aria-required=\"true\" aria-invalid=\"false\" \/><\/div><\/li><li id='field_3_18' class='gfield gfield_contains_required field_sublabel_below field_description_below gfield_visibility_visible' ><label class='gfield_label' for='input_3_18' >Votre date de naissance<span class='gfield_required'>*<\/span><\/label><div class='ginput_container ginput_container_date'>\n                            <input name='input_18' id='input_3_18' type='text' value='' class='datepicker medium mdy datepicker_no_icon' tabindex='29'  \/>\n                        <\/div>\n                        <input type='hidden' id='gforms_calendar_icon_input_3_18' class='gform_hidden' value='https:\/\/www.bellecourpatrimoine.fr\/defiscalisation-au-portugal\/wp-content\/plugins\/gravityforms\/images\/calendar.png'\/><\/li><li id='field_3_38' class='gfield gfield_html gfield_html_formatted gfield_no_follows_desc field_sublabel_below field_description_below gfield_visibility_visible' ><div class=\"espace20\"><\/div><\/li><li id='field_3_35' class='gfield field_sublabel_below field_description_below gfield_visibility_visible' ><label class='gfield_label' for='input_3_35' >Comment avez-vous connu notre agence ?<\/label><div class='ginput_container ginput_container_select'><select name='input_35' id='input_3_35' onchange='gf_apply_rules(3,[0,36]);' class='medium gfield_select' tabindex='30'   aria-invalid=\"false\"><option value='Internet' >Internet<\/option><option value='Bouche \u00e0 oreille' >Bouche \u00e0 oreille<\/option><option value='Presse' >Presse<\/option><option value='Salon' >Salon<\/option><option value='Autre' >Autre<\/option><\/select><\/div><\/li><li id='field_3_36' class='gfield field_sublabel_below field_description_below gfield_visibility_visible' ><label class='gfield_label' for='input_3_36' ><\/label><div class='ginput_container ginput_container_text'><input name='input_36' id='input_3_36' type='text' value='' class='medium'  tabindex='31' onchange='gf_apply_rules(3,[0]);' onkeyup='clearTimeout(__gf_timeout_handle); __gf_timeout_handle = setTimeout(\"gf_apply_rules(3,[0])\", 300);'   aria-invalid=\"false\" \/><\/div><\/li><li id='field_3_39' class='gfield gform_validation_container field_sublabel_below field_description_below gfield_visibility_' ><label class='gfield_label' for='input_3_39' >Comments<\/label><div class='ginput_container'><input name='input_39' id='input_3_39' type='text' value='' \/><\/div><div class='gfield_description'>Ce champ n\u2019est utilis\u00e9 qu\u2019\u00e0 des fins de validation et devrait rester inchang\u00e9.<\/div><\/li>\n                            <\/ul><\/div>\n        <div class='gform_footer top_label'> <input type='submit' id='gform_submit_button_3' class='gform_button button' value='Soumettre ma demande' tabindex='32' onclick='if(window[\"gf_submitting_3\"]){return false;}  window[\"gf_submitting_3\"]=true;  ' onkeypress='if( event.keyCode == 13 ){ if(window[\"gf_submitting_3\"]){return false;} window[\"gf_submitting_3\"]=true;  jQuery(\"#gform_3\").trigger(\"submit\",[true]); }' \/> <input type='hidden' name='gform_ajax' value='form_id=3&amp;title=&amp;description=&amp;tabindex=1' \/>\n            <input type='hidden' class='gform_hidden' name='is_submit_3' value='1' \/>\n            <input type='hidden' class='gform_hidden' name='gform_submit' value='3' \/>\n            \n            <input type='hidden' class='gform_hidden' name='gform_unique_id' value='' \/>\n            <input type='hidden' class='gform_hidden' name='state_3' value='WyJbXSIsImRjODEwNmM0OWFiNmIwNjA3ZTA4NGMyODQ2MzNmMDY2Il0=' \/>\n            <input type='hidden' class='gform_hidden' name='gform_target_page_number_3' id='gform_target_page_number_3' value='0' \/>\n            <input type='hidden' class='gform_hidden' name='gform_source_page_number_3' id='gform_source_page_number_3' value='1' \/>\n            <input type='hidden' name='gform_field_values' value='' \/>\n            \n        <\/div>\n                        <\/form>\n                        <\/div>\n                <iframe style='display:none;width:0px;height:0px;' src='about:blank' name='gform_ajax_frame_3' id='gform_ajax_frame_3'>Cette iframe contient la logique n\u00e9cessaire pour manipuler Gravity Forms avec AJAX<\/iframe>\n                <script type='text\/javascript'>jQuery(document).ready(function($){gformInitSpinner( 3, 'https:\/\/www.bellecourpatrimoine.fr\/defiscalisation-au-portugal\/wp-content\/plugins\/gravityforms\/images\/spinner.gif' );jQuery('#gform_ajax_frame_3').load( function(){var contents = jQuery(this).contents().find('*').html();var is_postback = contents.indexOf('GF_AJAX_POSTBACK') >= 0;if(!is_postback){return;}var form_content = jQuery(this).contents().find('#gform_wrapper_3');var is_confirmation = jQuery(this).contents().find('#gform_confirmation_wrapper_3').length > 0;var is_redirect = contents.indexOf('gformRedirect(){') >= 0;var is_form = form_content.length > 0 && ! is_redirect && ! is_confirmation;if(is_form){jQuery('#gform_wrapper_3').html(form_content.html());if(form_content.hasClass('gform_validation_error')){jQuery('#gform_wrapper_3').addClass('gform_validation_error');} else {jQuery('#gform_wrapper_3').removeClass('gform_validation_error');}setTimeout( function() { \/* delay the scroll by 50 milliseconds to fix a bug in chrome *\/ jQuery(document).scrollTop(jQuery('#gform_wrapper_3').offset().top); }, 50 );if(window['gformInitDatepicker']) {gformInitDatepicker();}if(window['gformInitPriceFields']) {gformInitPriceFields();}var current_page = jQuery('#gform_source_page_number_3').val();gformInitSpinner( 3, 'https:\/\/www.bellecourpatrimoine.fr\/defiscalisation-au-portugal\/wp-content\/plugins\/gravityforms\/images\/spinner.gif' );jQuery(document).trigger('gform_page_loaded', [3, current_page]);window['gf_submitting_3'] = false;}else if(!is_redirect){var confirmation_content = jQuery(this).contents().find('#gforms_confirmation_message_3').html();if(!confirmation_content){confirmation_content = contents;}setTimeout(function(){jQuery('#gform_wrapper_3').replaceWith('<' + 'div id=\\'gforms_confirmation_message_3\\' class=\\'gform_confirmation_message_3 gforms_confirmation_message\\'' + '>' + confirmation_content + '<' + '\/div' + '>');jQuery(document).scrollTop(jQuery('#gforms_confirmation_message_3').offset().top);jQuery(document).trigger('gform_confirmation_loaded', [3]);window['gf_submitting_3'] = false;}, 50);}else{jQuery('#gform_3').append(contents);if(window['gformRedirect']) {gformRedirect();}}jQuery(document).trigger('gform_post_render', [3, current_page]);} );} );<\/script><script type='text\/javascript'> if(typeof gf_global == 'undefined') var gf_global = {\"gf_currency_config\":{\"name\":\"Euro\",\"symbol_left\":\"\",\"symbol_right\":\"&#8364;\",\"symbol_padding\":\" \",\"thousand_separator\":\".\",\"decimal_separator\":\",\",\"decimals\":2},\"base_url\":\"https:\\\/\\\/www.bellecourpatrimoine.fr\\\/defiscalisation-au-portugal\\\/wp-content\\\/plugins\\\/gravityforms\",\"number_formats\":[],\"spinnerUrl\":\"https:\\\/\\\/www.bellecourpatrimoine.fr\\\/defiscalisation-au-portugal\\\/wp-content\\\/plugins\\\/gravityforms\\\/images\\\/spinner.gif\"};jQuery(document).bind('gform_post_render', function(event, formId, currentPage){if(formId == 3) {gf_global[\"number_formats\"][3] = {\"20\":{\"price\":false,\"value\":false},\"21\":{\"price\":false,\"value\":false},\"19\":{\"price\":false,\"value\":false},\"22\":{\"price\":false,\"value\":false},\"23\":{\"price\":false,\"value\":false},\"24\":{\"price\":false,\"value\":false},\"25\":{\"price\":false,\"value\":false},\"26\":{\"price\":false,\"value\":false},\"27\":{\"price\":false,\"value\":false},\"28\":{\"price\":false,\"value\":false},\"29\":{\"price\":false,\"value\":false},\"30\":{\"price\":false,\"value\":false},\"31\":{\"price\":false,\"value\":false},\"32\":{\"price\":false,\"value\":false},\"33\":{\"price\":false,\"value\":false},\"34\":{\"price\":false,\"value\":false},\"37\":{\"price\":false,\"value\":false},\"14\":{\"price\":false,\"value\":false},\"16\":{\"price\":false,\"value\":false},\"17\":{\"price\":false,\"value\":false},\"18\":{\"price\":false,\"value\":false},\"38\":{\"price\":false,\"value\":false},\"35\":{\"price\":false,\"value\":false},\"36\":{\"price\":false,\"value\":false},\"39\":{\"price\":false,\"value\":false}};if(window['jQuery']){if(!window['gf_form_conditional_logic'])window['gf_form_conditional_logic'] = new Array();window['gf_form_conditional_logic'][3] = { logic: { 21: {\"field\":{\"actionType\":\"show\",\"logicType\":\"all\",\"rules\":[{\"fieldId\":\"20\",\"operator\":\"is\",\"value\":\"Autre\"}]},\"nextButton\":null,\"section\":null},22: {\"field\":{\"actionType\":\"show\",\"logicType\":\"all\",\"rules\":[{\"fieldId\":\"19\",\"operator\":\"is\",\"value\":\"Autre\"}]},\"nextButton\":null,\"section\":null},32: {\"field\":{\"actionType\":\"show\",\"logicType\":\"all\",\"rules\":[{\"fieldId\":\"31\",\"operator\":\"is\",\"value\":\"Autre\"}]},\"nextButton\":null,\"section\":null},36: {\"field\":{\"actionType\":\"show\",\"logicType\":\"all\",\"rules\":[{\"fieldId\":\"35\",\"operator\":\"is\",\"value\":\"Autre\"}]},\"nextButton\":null,\"section\":null},0: {\"field\":{\"actionType\":\"show\",\"logicType\":\"all\",\"rules\":[{\"fieldId\":\"14\",\"operator\":\"isnot\",\"value\":\"- choisir -\"}]},\"section\":null} }, dependents: { 21: [21],22: [22],32: [32],36: [36],0: [0] }, animation: 1, defaults: [], fields: {\"20\":[0,21],\"21\":[0],\"19\":[0,22],\"22\":[0],\"23\":[0],\"24\":[0],\"25\":[0],\"26\":[0],\"27\":[0],\"28\":[0],\"29\":[0],\"30\":[0],\"31\":[0,32],\"32\":[0],\"33\":[0],\"34\":[0],\"37\":[0],\"14\":[0],\"16\":[0],\"17\":[0],\"18\":[0],\"38\":[0],\"35\":[0,36],\"36\":[0],\"39\":[0]} }; if(!window['gf_number_format'])window['gf_number_format'] = 'decimal_comma';jQuery(document).ready(function(){gf_apply_rules(3, [21,22,32,36,0], true);jQuery('#gform_wrapper_3').show();jQuery(document).trigger('gform_post_conditional_logic', [3, null, true]);jQuery('#gform_3').submit(function(event, isButtonPress){    var visibleButton = jQuery(\".gform_next_button:visible, .gform_button:visible, .gform_image_button:visible\");    return visibleButton.length > 0 || isButtonPress == true;});} );} } } );jQuery(document).bind('gform_post_conditional_logic', function(event, formId, fields, isInit){} );<\/script><script type='text\/javascript'> jQuery(document).ready(function(){jQuery(document).trigger('gform_post_render', [3, 1]) } ); <\/script>\n","protected":false},"excerpt":{"rendered":"<p>Vous pouvez d\u00e8s \u00e0 pr\u00e9sent b\u00e9n\u00e9ficier de notre accompagnement pour la recherche de votre bien immobilier au Portugal. Pour cela, remplissez le formulaire ci-dessous.<\/p>\n","protected":false},"author":1,"featured_media":0,"parent":0,"menu_order":9,"comment_status":"closed","ping_status":"closed","template":"page-templates\/page-right-sidebar.php","meta":[],"_links":{"self":[{"href":"https:\/\/www.bellecourpatrimoine.fr\/defiscalisation-au-portugal\/wp-json\/wp\/v2\/pages\/593"}],"collection":[{"href":"https:\/\/www.bellecourpatrimoine.fr\/defiscalisation-au-portugal\/wp-json\/wp\/v2\/pages"}],"about":[{"href":"https:\/\/www.bellecourpatrimoine.fr\/defiscalisation-au-portugal\/wp-json\/wp\/v2\/types\/page"}],"author":[{"embeddable":true,"href":"https:\/\/www.bellecourpatrimoine.fr\/defiscalisation-au-portugal\/wp-json\/wp\/v2\/users\/1"}],"replies":[{"embeddable":true,"href":"https:\/\/www.bellecourpatrimoine.fr\/defiscalisation-au-portugal\/wp-json\/wp\/v2\/comments?post=593"}],"version-history":[{"count":3,"href":"https:\/\/www.bellecourpatrimoine.fr\/defiscalisation-au-portugal\/wp-json\/wp\/v2\/pages\/593\/revisions"}],"predecessor-version":[{"id":603,"href":"https:\/\/www.bellecourpatrimoine.fr\/defiscalisation-au-portugal\/wp-json\/wp\/v2\/pages\/593\/revisions\/603"}],"wp:attachment":[{"href":"https:\/\/www.bellecourpatrimoine.fr\/defiscalisation-au-portugal\/wp-json\/wp\/v2\/media?parent=593"}],"curies":[{"name":"wp","href":"https:\/\/api.w.org\/{rel}","templated":true}]}}