{"id":487,"date":"2016-04-26T18:07:37","date_gmt":"2016-04-26T17:07:37","guid":{"rendered":"http:\/\/www.bellecourpatrimoine.fr\/defiscalisation-au-portugal\/?page_id=487"},"modified":"2017-01-13T09:36:49","modified_gmt":"2017-01-13T08:36:49","slug":"region-de-lisbonne","status":"publish","type":"page","link":"https:\/\/www.bellecourpatrimoine.fr\/defiscalisation-au-portugal\/region-de-lisbonne\/","title":{"rendered":"R\u00e9gion de Lisbonne"},"content":{"rendered":"<p><span style=\"text-decoration: underline\"><strong>Superbes appartements en pleine ville historique de Lisbonne: <\/strong><\/span><\/p>\n<p>Ce projet est situ\u00e9 \u00e0 Penha de Fran\u00e7a avec le quartier typique de Gra\u00e7a et ses sites enchanteurs; quartier en pleine r\u00e9habilitation.<\/p>\n<p>Ce projet est constitu\u00e9 de 39 appartements du T1 au T2 + 1 duplex, avec des surfaces comprises entre 31,02 m2 et 81,62 m2.\u00a0Finitions de luxe, en respectant l&rsquo;architecture de l&rsquo;\u00e9poque.<\/p>\n<p>&nbsp;<\/p>\n<p>Biens propos\u00e9s \u00e0 partir de 147 447 \u20ac<\/p>\n<p>Livrable en Juin 2018<\/p>\n<p>&nbsp;<\/p>\n<p>&nbsp;<\/p>\n<p><img decoding=\"async\" loading=\"lazy\" class=\"alignnone size-full wp-image-691\" src=\"http:\/\/www.bellecourpatrimoine.fr\/defiscalisation-au-portugal\/wp-content\/uploads\/sites\/7\/2017\/01\/IDc97a6700-0000-0500-0000-000003429c59.jpg\" alt=\"IDc97a6700-0000-0500-0000-000003429c59\" width=\"1140\" height=\"855\" srcset=\"https:\/\/www.bellecourpatrimoine.fr\/defiscalisation-au-portugal\/wp-content\/uploads\/sites\/7\/2017\/01\/IDc97a6700-0000-0500-0000-000003429c59.jpg 1140w, https:\/\/www.bellecourpatrimoine.fr\/defiscalisation-au-portugal\/wp-content\/uploads\/sites\/7\/2017\/01\/IDc97a6700-0000-0500-0000-000003429c59-300x225.jpg 300w, https:\/\/www.bellecourpatrimoine.fr\/defiscalisation-au-portugal\/wp-content\/uploads\/sites\/7\/2017\/01\/IDc97a6700-0000-0500-0000-000003429c59-768x576.jpg 768w, https:\/\/www.bellecourpatrimoine.fr\/defiscalisation-au-portugal\/wp-content\/uploads\/sites\/7\/2017\/01\/IDc97a6700-0000-0500-0000-000003429c59-1024x768.jpg 1024w, https:\/\/www.bellecourpatrimoine.fr\/defiscalisation-au-portugal\/wp-content\/uploads\/sites\/7\/2017\/01\/IDc97a6700-0000-0500-0000-000003429c59-200x150.jpg 200w\" sizes=\"(max-width: 1140px) 100vw, 1140px\" \/><\/p>\n<p>&nbsp;<\/p>\n<p>&nbsp;<\/p>\n<p><a href=\"http:\/\/www.bellecourpatrimoine.fr\/defiscalisation-au-portugal\/id708d6700-0000-0500-0000-0000034355e3\/\" rel=\"attachment wp-att-688\"><img decoding=\"async\" loading=\"lazy\" class=\"alignnone size-full wp-image-688\" src=\"http:\/\/www.bellecourpatrimoine.fr\/defiscalisation-au-portugal\/wp-content\/uploads\/sites\/7\/2017\/01\/ID708d6700-0000-0500-0000-0000034355e3.jpg\" alt=\"ID708d6700-0000-0500-0000-0000034355e3\" width=\"1024\" height=\"768\" srcset=\"https:\/\/www.bellecourpatrimoine.fr\/defiscalisation-au-portugal\/wp-content\/uploads\/sites\/7\/2017\/01\/ID708d6700-0000-0500-0000-0000034355e3.jpg 1024w, https:\/\/www.bellecourpatrimoine.fr\/defiscalisation-au-portugal\/wp-content\/uploads\/sites\/7\/2017\/01\/ID708d6700-0000-0500-0000-0000034355e3-300x225.jpg 300w, https:\/\/www.bellecourpatrimoine.fr\/defiscalisation-au-portugal\/wp-content\/uploads\/sites\/7\/2017\/01\/ID708d6700-0000-0500-0000-0000034355e3-768x576.jpg 768w, https:\/\/www.bellecourpatrimoine.fr\/defiscalisation-au-portugal\/wp-content\/uploads\/sites\/7\/2017\/01\/ID708d6700-0000-0500-0000-0000034355e3-200x150.jpg 200w\" sizes=\"(max-width: 1024px) 100vw, 1024px\" \/><\/a><\/p>\n<p>&nbsp;<\/p>\n<p>&nbsp;<\/p>\n<p><a href=\"http:\/\/www.bellecourpatrimoine.fr\/defiscalisation-au-portugal\/id708d6700-0000-0500-0000-0000034355e7\/\" rel=\"attachment wp-att-689\"><img decoding=\"async\" loading=\"lazy\" class=\"alignnone size-full wp-image-689\" src=\"http:\/\/www.bellecourpatrimoine.fr\/defiscalisation-au-portugal\/wp-content\/uploads\/sites\/7\/2017\/01\/ID708d6700-0000-0500-0000-0000034355e7.jpg\" alt=\"ID708d6700-0000-0500-0000-0000034355e7\" width=\"1024\" height=\"768\" srcset=\"https:\/\/www.bellecourpatrimoine.fr\/defiscalisation-au-portugal\/wp-content\/uploads\/sites\/7\/2017\/01\/ID708d6700-0000-0500-0000-0000034355e7.jpg 1024w, https:\/\/www.bellecourpatrimoine.fr\/defiscalisation-au-portugal\/wp-content\/uploads\/sites\/7\/2017\/01\/ID708d6700-0000-0500-0000-0000034355e7-300x225.jpg 300w, https:\/\/www.bellecourpatrimoine.fr\/defiscalisation-au-portugal\/wp-content\/uploads\/sites\/7\/2017\/01\/ID708d6700-0000-0500-0000-0000034355e7-768x576.jpg 768w, https:\/\/www.bellecourpatrimoine.fr\/defiscalisation-au-portugal\/wp-content\/uploads\/sites\/7\/2017\/01\/ID708d6700-0000-0500-0000-0000034355e7-200x150.jpg 200w\" sizes=\"(max-width: 1024px) 100vw, 1024px\" \/><\/a><\/p>\n<p>&nbsp;<\/p>\n<p>&nbsp;<\/p>\n","protected":false},"excerpt":{"rendered":"<p>Superbes appartements en pleine ville historique de Lisbonne: Ce projet est situ\u00e9 \u00e0 Penha de Fran\u00e7a avec le quartier typique de Gra\u00e7a et ses sites enchanteurs; quartier en pleine r\u00e9habilitation. Ce projet est constitu\u00e9 de 39 appartements du T1 au T2 + 1 duplex, avec des surfaces comprises entre 31,02 m2 et 81,62 m2.\u00a0Finitions de [&hellip;]<\/p>\n","protected":false},"author":4,"featured_media":0,"parent":0,"menu_order":5,"comment_status":"closed","ping_status":"closed","template":"","meta":[],"_links":{"self":[{"href":"https:\/\/www.bellecourpatrimoine.fr\/defiscalisation-au-portugal\/wp-json\/wp\/v2\/pages\/487"}],"collection":[{"href":"https:\/\/www.bellecourpatrimoine.fr\/defiscalisation-au-portugal\/wp-json\/wp\/v2\/pages"}],"about":[{"href":"https:\/\/www.bellecourpatrimoine.fr\/defiscalisation-au-portugal\/wp-json\/wp\/v2\/types\/page"}],"author":[{"embeddable":true,"href":"https:\/\/www.bellecourpatrimoine.fr\/defiscalisation-au-portugal\/wp-json\/wp\/v2\/users\/4"}],"replies":[{"embeddable":true,"href":"https:\/\/www.bellecourpatrimoine.fr\/defiscalisation-au-portugal\/wp-json\/wp\/v2\/comments?post=487"}],"version-history":[{"count":7,"href":"https:\/\/www.bellecourpatrimoine.fr\/defiscalisation-au-portugal\/wp-json\/wp\/v2\/pages\/487\/revisions"}],"predecessor-version":[{"id":693,"href":"https:\/\/www.bellecourpatrimoine.fr\/defiscalisation-au-portugal\/wp-json\/wp\/v2\/pages\/487\/revisions\/693"}],"wp:attachment":[{"href":"https:\/\/www.bellecourpatrimoine.fr\/defiscalisation-au-portugal\/wp-json\/wp\/v2\/media?parent=487"}],"curies":[{"name":"wp","href":"https:\/\/api.w.org\/{rel}","templated":true}]}}