{"id":206,"date":"2016-03-29T14:27:20","date_gmt":"2016-03-29T13:27:20","guid":{"rendered":"http:\/\/www.bellecourpatrimoine.fr\/defiscalisation-au-portugal\/?page_id=206"},"modified":"2016-04-28T13:32:02","modified_gmt":"2016-04-28T12:32:02","slug":"avantages-fiscaux","status":"publish","type":"page","link":"https:\/\/www.bellecourpatrimoine.fr\/defiscalisation-au-portugal\/avantages-fiscaux\/","title":{"rendered":"Avantages fiscaux"},"content":{"rendered":"<h2>Dispositif d&rsquo;exon\u00e9ration d&rsquo;imp\u00f4ts sur les pensions de retraites :<\/h2>\n<p>Conform\u00e9ment au <a href=\"\/\">d\u00e9cret-loi n\u00b0 249-2009 \u00e0 la circulaire n\u00b09-2012<\/a>, le Portugal conf\u00e8re aux nouveaux r\u00e9sidents le statut de \u00ab R\u00e9sident Non Habituel \u00bb (RNH). Ce statut permet notamment une exon\u00e9ration totale d&rsquo;imp\u00f4t sur votre pension de retraite pendant 10 ans.<\/p>\n<p>L&rsquo;obtention du statut de R\u00e9sident Non Habituel requiert seulement 2 conditions :<\/p>\n<ol>\n<li>R\u00e9sider au Portugal au moins 183 jours\/an<\/li>\n<li>Ne pas avoir \u00e9t\u00e9 r\u00e9sident fiscal au Portugal au cours des 5 derni\u00e8res ann\u00e9es<\/li>\n<\/ol>\n<h2>Dispositif Golden Visa :<\/h2>\n<p>Ce dispositif est destin\u00e9 aux citoyens hors Union Europ\u00e9enne et Espace Schengen souhaitant b\u00e9n\u00e9ficier d&rsquo;un \u00ab\u00a0permis de s\u00e9jour\u00a0\u00bb facilitant notamment les d\u00e9placements et \u00e9changes en Europe.<br \/>\nLe Golden Visa est d\u00e9livr\u00e9 dans l\u2019un des 3 cas suivants :<\/p>\n<ul>\n<li>Acquisition d&rsquo;un bien d&rsquo;une valeur de 500 000 euros minimum (sous certaines conditions)<\/li>\n<li>Transfert de capitaux d&rsquo;1 million d&rsquo;euros (sous certaines conditions)<\/li>\n<li>Cr\u00e9ation et maintien d&rsquo;un certain nombre d&#8217;emplois<\/li>\n<\/ul>\n","protected":false},"excerpt":{"rendered":"<p>Dispositif d&rsquo;exon\u00e9ration d&rsquo;imp\u00f4ts sur les pensions de retraites : Conform\u00e9ment au d\u00e9cret-loi n\u00b0 249-2009 \u00e0 la circulaire n\u00b09-2012, le Portugal conf\u00e8re aux nouveaux r\u00e9sidents le statut de \u00ab R\u00e9sident Non Habituel \u00bb (RNH). Ce statut permet notamment une exon\u00e9ration totale d&rsquo;imp\u00f4t sur votre pension de retraite pendant 10 ans. L&rsquo;obtention du statut de R\u00e9sident Non [&hellip;]<\/p>\n","protected":false},"author":1,"featured_media":0,"parent":0,"menu_order":1,"comment_status":"closed","ping_status":"closed","template":"page-templates\/page-right-sidebar.php","meta":[],"_links":{"self":[{"href":"https:\/\/www.bellecourpatrimoine.fr\/defiscalisation-au-portugal\/wp-json\/wp\/v2\/pages\/206"}],"collection":[{"href":"https:\/\/www.bellecourpatrimoine.fr\/defiscalisation-au-portugal\/wp-json\/wp\/v2\/pages"}],"about":[{"href":"https:\/\/www.bellecourpatrimoine.fr\/defiscalisation-au-portugal\/wp-json\/wp\/v2\/types\/page"}],"author":[{"embeddable":true,"href":"https:\/\/www.bellecourpatrimoine.fr\/defiscalisation-au-portugal\/wp-json\/wp\/v2\/users\/1"}],"replies":[{"embeddable":true,"href":"https:\/\/www.bellecourpatrimoine.fr\/defiscalisation-au-portugal\/wp-json\/wp\/v2\/comments?post=206"}],"version-history":[{"count":5,"href":"https:\/\/www.bellecourpatrimoine.fr\/defiscalisation-au-portugal\/wp-json\/wp\/v2\/pages\/206\/revisions"}],"predecessor-version":[{"id":316,"href":"https:\/\/www.bellecourpatrimoine.fr\/defiscalisation-au-portugal\/wp-json\/wp\/v2\/pages\/206\/revisions\/316"}],"wp:attachment":[{"href":"https:\/\/www.bellecourpatrimoine.fr\/defiscalisation-au-portugal\/wp-json\/wp\/v2\/media?parent=206"}],"curies":[{"name":"wp","href":"https:\/\/api.w.org\/{rel}","templated":true}]}}