{"id":944,"date":"2016-03-30T11:03:53","date_gmt":"2016-03-30T10:03:53","guid":{"rendered":"http:\/\/www.bellecourpatrimoine.fr\/assurance\/?page_id=328"},"modified":"2016-06-20T12:04:32","modified_gmt":"2016-06-20T11:04:32","slug":"sante-ani","status":"publish","type":"page","link":"https:\/\/www.bellecourpatrimoine.fr\/assurance\/professionnels\/sante-ani\/","title":{"rendered":"Sant\u00e9, ANI"},"content":{"rendered":"<p><section class=\"fw-main-row \" style=\"background-color:#42a5e4;\" >\n\t<div class=\"fw-container\">\n\t\t<div class=\"fw-row\">\n\t<div class=\"fw-col-xs-12\">\n\t<section class=\"insurance-headline\"> \n    <div class=\"row\"> \n      <div class=\"col-lg-12\">   \n        <div class=\"titletag\"><h1>Nos services d'assurance d\u00e9di\u00e9s aux professionnels        <\/h1>        <\/div>\n        <div class=\"subtitletag\"><h3>Retrouvez tous les services d'assurance que nous proposons        <\/h3>        <\/div>\n        <div class=\"breadcrumbunyson\">\n                  <\/div>\n      <\/div>\n      <div class=\"single-icons-wrapper col-lg-12\"> \n        <div class=\"single-icons-inner6\">        \n          <a href=\"http:\/\/www.bellecourpatrimoine.fr\/assurance\/professionnels\/mrh\/\" class=\"\"> \n            <div class=\"single-icon\"> \n              <img src=\"http:\/\/www.bellecourpatrimoine.fr\/wp-content\/plugins\/bellecourpatrimoine-theme-custom\/images\/icon-home.png\" alt=\"\"> \n            <\/div>\n            <h4>\n              MRH            <\/h4>\n          <\/a>\n        <\/div>\n        <div class=\"single-icons-inner6\">        \n          <a href=\"http:\/\/www.bellecourpatrimoine.fr\/assurance\/professionnels\/rc-decennale\/\" class=\"\"> \n            <div class=\"single-icon\"> \n              <img src=\"http:\/\/www.bellecourpatrimoine.fr\/wp-content\/plugins\/bellecourpatrimoine-theme-custom\/images\/icon-business.png\" alt=\"\"> \n            <\/div>\n            <h4>\n              RC, d\u00e9cennale            <\/h4>\n          <\/a>\n        <\/div>\n        <div class=\"single-icons-inner6\">        \n          <a href=\"http:\/\/www.bellecourpatrimoine.fr\/assurance\/professionnels\/auto\/\" class=\"\"> \n            <div class=\"single-icon\"> \n              <img src=\"http:\/\/www.bellecourpatrimoine.fr\/wp-content\/plugins\/bellecourpatrimoine-theme-custom\/images\/icon-car.png\" alt=\"\"> \n            <\/div>\n            <h4>\n              Auto            <\/h4>\n          <\/a>\n        <\/div>\n        <div class=\"single-icons-inner6\">        \n          <a href=\"http:\/\/www.bellecourpatrimoine.fr\/assurance\/professionnels\/prevoyance\/\" class=\"\"> \n            <div class=\"single-icon\"> \n              <img src=\"http:\/\/www.bellecourpatrimoine.fr\/wp-content\/plugins\/bellecourpatrimoine-theme-custom\/images\/icon-luxury1.png\" alt=\"\"> \n            <\/div>\n            <h4>\n              Pr\u00e9voyance            <\/h4>\n          <\/a>\n        <\/div>\n        <div class=\"single-icons-inner6\">        \n          <a href=\"http:\/\/www.bellecourpatrimoine.fr\/assurance\/professionnels\/protection-juridique\/\" class=\"\"> \n            <div class=\"single-icon\"> \n              <img src=\"http:\/\/www.bellecourpatrimoine.fr\/wp-content\/plugins\/bellecourpatrimoine-theme-custom\/images\/icon-safe.png\" alt=\"\"> \n            <\/div>\n            <h4>\n              Protection juridique            <\/h4>\n          <\/a>\n        <\/div>\n        <div class=\"single-icons-inner6\">        \n          <a href=\"http:\/\/www.bellecourpatrimoine.fr\/assurance\/professionnels\/sante-ani\/\" class=\"active\"> \n            <div class=\"single-icon\"> \n              <img src=\"http:\/\/www.bellecourpatrimoine.fr\/wp-content\/plugins\/bellecourpatrimoine-theme-custom\/images\/icon-health.png\" alt=\"\"> \n            <\/div>\n            <h4>\n              Sant\u00e9, ANI            <\/h4>\n          <\/a>\n        <\/div>\n      <\/div>\n    <\/div>\n<\/section>\n<\/div>\n<\/div>\n\n\t<\/div>\n<\/section>\n<section class=\"fw-main-row \"  >\n\t<div class=\"fw-container\">\n\t\t<div class=\"fw-row\">\n\t<div class=\"fw-col-xs-12\">\n\t\n\t<div class=\"fw-divider-space\" style=\"padding-top: 80px;\"><\/div>\n<\/div>\n<\/div>\n\n<div class=\"fw-row\">\n\t<div class=\"fw-col-xs-12 fw-col-sm-9\">\n\t<p>QUELLES SONT VOS OBLIGATIONS ?<\/p><p>LOI DE S&Eacute;CURISATION DE L&rsquo;EMPLOI ET SON D&Eacute;CRET D&rsquo;APPLICATION DU 8 SEPTEMBRE 2014 : Ils obligent toutes les entreprises &agrave; :<\/p><p>&rsaquo; mettre en place un r&eacute;gime de protection sant&eacute; collective pour tous les salari&eacute;s,<\/p><p>&rsaquo; respecter le &ldquo;panier de soins ANI&rdquo; qui fixe les garanties minimales que vous devez proposer &agrave; vos salari&eacute;s.<\/p><p>D&Eacute;CRET CONTRAT RESPONSABLE DU 18 NOVEMBRE 2014 : &rsaquo; Il fixe les planchers minima et plafonds maxima de garanties &agrave; respecter. Si votre contrat sant&eacute; collectif respecte ces garanties minimales et maximales, votre entreprise r&eacute;pondra aux obligations issues du dispositif sur &ldquo;les contrats responsables et le panier de soins ANI&rdquo; et pourra ainsi b&eacute;n&eacute;ficier d&rsquo;une exon&eacute;ration de cotisations sociales et fiscales et de l&rsquo;application d&rsquo;une taxe d&rsquo;assurance r&eacute;duite (7% au lieu de 14%).&nbsp;<\/p><p>QUELLES SONT VOS OBLIGATIONS CONCERNANT LA COTISATION ?<\/p><p>Votre entreprise doit prendre en charge a minima 50% de la cotisation sant&eacute; du salari&eacute;.<\/p><p>QUAND DEVEZ-VOUS APPLIQUER CES OBLIGATIONS ?<\/p><p>Depuis le 1er janvier 2016, vous avez l&rsquo;obligation de mettre en place un contrat de compl&eacute;mentaire sant&eacute; pour l&rsquo;ensemble de vos salari&eacute;s.<\/p><\/div>\n<div class=\"fw-col-xs-12 fw-col-sm-3\">\n\t<p><div class=\"sidebar widgets-style1\"><aside id=\"text-1\" class=\"widget widget_text\"><h3><span>Une question ? Un devis ?<\/span><\/h3>\t\t\t<div class=\"textwidget\"><div class=\"button1 text-center\" style=\"margin: 30px 0 35px 0;\">\n  <a href=\"http:\/\/www.bellecourpatrimoine.fr\/contact\/\" target=\"_self\" rel=\"noopener\">Contactez-nous<\/a>\n<\/div>\n<div class=\"CTAcircles\">\n<div class=\"circle-1 circle-pulse\"><\/div>\n<div class=\"circle-2 circle-pulse\"><\/div>\n<div class=\"circle-3 circle-pulse\"><\/div>\n<div class=\"circle-4 circle-pulse\"><\/div>\n<p>    <a href=\"tel:+33472400862\"><\/p>\n<div class=\"circle-center\">\n<div class=\"circle-center-tip\">Appelez-nous<br \/><strong>04 72 40 08 62<\/strong><\/div>\n<p>            <i class=\"fa fa-phone\"><\/i>\n        <\/div>\n<p>    <\/a>\n<\/div>\n<\/div>\n\t\t<\/aside><aside id=\"nav_menu-2\" class=\"widget widget_nav_menu\"><h3><span>Nos accompagnements<\/span><\/h3><div class=\"menu-menu-particuliers-container\"><ul id=\"menu-menu-particuliers\" class=\"menu\"><li id=\"menu-item-958\" class=\"menu-item menu-item-type-post_type menu-item-object-page menu-item-958\"><a href=\"https:\/\/www.bellecourpatrimoine.fr\/assurance\/particuliers\/sante-complementaire-voyage-expat\/\">Sant\u00e9, compl\u00e9mentaire, voyage, expat&#8230;<\/a><\/li>\n<li id=\"menu-item-358\" class=\"menu-item menu-item-type-post_type menu-item-object-page menu-item-358\"><a href=\"https:\/\/www.bellecourpatrimoine.fr\/assurance\/particuliers\/assurance-de-pret\/\">Assurance de pr\u00eat<\/a><\/li>\n<li id=\"menu-item-953\" class=\"menu-item menu-item-type-post_type menu-item-object-page menu-item-953\"><a href=\"https:\/\/www.bellecourpatrimoine.fr\/assurance\/particuliers\/auto-bon-conducteur-malusse-resilie-retrait-non-paiement\/\">Auto<\/a><\/li>\n<li id=\"menu-item-954\" class=\"menu-item menu-item-type-post_type menu-item-object-page menu-item-954\"><a href=\"https:\/\/www.bellecourpatrimoine.fr\/assurance\/particuliers\/habitation-locataire-proprietaire\/\">Habitation<\/a><\/li>\n<li id=\"menu-item-957\" class=\"menu-item menu-item-type-post_type menu-item-object-page menu-item-957\"><a href=\"https:\/\/www.bellecourpatrimoine.fr\/assurance\/particuliers\/prevoyance-obseque-mobilite\/\">Pr\u00e9voyance, obs\u00e8que, mobilit\u00e9<\/a><\/li>\n<li id=\"menu-item-952\" class=\"menu-item menu-item-type-post_type menu-item-object-page menu-item-952\"><a href=\"https:\/\/www.bellecourpatrimoine.fr\/assurance\/particuliers\/animaux-chat-chien-rongeur-oiseaux\/\">Animaux<\/a><\/li>\n<li id=\"menu-item-956\" class=\"menu-item menu-item-type-post_type menu-item-object-page menu-item-956\"><a href=\"https:\/\/www.bellecourpatrimoine.fr\/assurance\/particuliers\/moto-scooter-quad-moto\/\">Moto, scooter, quad<\/a><\/li>\n<li id=\"menu-item-955\" class=\"menu-item menu-item-type-post_type menu-item-object-page menu-item-955\"><a href=\"https:\/\/www.bellecourpatrimoine.fr\/assurance\/particuliers\/loisirs-bateaux-peches-chasse-sport-extreme\/\">Loisirs<\/a><\/li>\n<\/ul><\/div><\/aside><aside id=\"nav_menu-3\" class=\"widget widget_nav_menu\"><h3><span>Nos accompagnements<\/span><\/h3><div class=\"menu-menu-professionnels-container\"><ul id=\"menu-menu-professionnels\" class=\"menu\"><li id=\"menu-item-947\" class=\"menu-item menu-item-type-post_type menu-item-object-page menu-item-947\"><a href=\"https:\/\/www.bellecourpatrimoine.fr\/assurance\/professionnels\/mrh\/\">MRH<\/a><\/li>\n<li id=\"menu-item-950\" class=\"menu-item menu-item-type-post_type menu-item-object-page menu-item-950\"><a href=\"https:\/\/www.bellecourpatrimoine.fr\/assurance\/professionnels\/rc-decennale\/\">RC, d\u00e9cennale<\/a><\/li>\n<li id=\"menu-item-946\" class=\"menu-item menu-item-type-post_type menu-item-object-page menu-item-946\"><a href=\"https:\/\/www.bellecourpatrimoine.fr\/assurance\/professionnels\/auto\/\">Auto<\/a><\/li>\n<li id=\"menu-item-948\" class=\"menu-item menu-item-type-post_type menu-item-object-page menu-item-948\"><a href=\"https:\/\/www.bellecourpatrimoine.fr\/assurance\/professionnels\/prevoyance\/\">Pr\u00e9voyance<\/a><\/li>\n<li id=\"menu-item-949\" class=\"menu-item menu-item-type-post_type menu-item-object-page menu-item-949\"><a href=\"https:\/\/www.bellecourpatrimoine.fr\/assurance\/professionnels\/protection-juridique\/\">Protection juridique<\/a><\/li>\n<li id=\"menu-item-951\" class=\"menu-item menu-item-type-post_type menu-item-object-page menu-item-951\"><a href=\"https:\/\/www.bellecourpatrimoine.fr\/assurance\/professionnels\/sante-ani\/\">Sant\u00e9, ANI<\/a><\/li>\n<\/ul><\/div><\/aside><aside id=\"search-2\" class=\"widget widget_search\"><form role=\"search\" method=\"get\" id=\"searchform\" class=\"searchform\" action=\"https:\/\/www.bellecourpatrimoine.fr\/assurance\/\">\r\n  <input type=\"text\" placeholder=\"search\" value=\"\" name=\"s\" id=\"s\" \/>\r\n  <input type=\"submit\" id=\"searchsubmit\" value=\"\" \/>\r\n<\/form><\/aside><aside id=\"archives-2\" class=\"widget widget_archive\"><h3><span>Archives<\/span><\/h3>\n\t\t\t<ul>\n\t\t\t\t\t\t\t<\/ul>\n\n\t\t\t<\/aside><aside id=\"categories-2\" class=\"widget widget_categories\"><h3><span>Cat\u00e9gories<\/span><\/h3>\n\t\t\t<ul>\n\t\t\t\t<li class=\"cat-item-none\">Aucune cat\u00e9gorie<\/li>\t\t\t<\/ul>\n\n\t\t\t<\/aside><\/div><\/p><\/div>\n<\/div>\n\n<div class=\"fw-row\">\n\t<div class=\"fw-col-xs-12\">\n\t\n<\/div>\n<\/div>\n\n\t<\/div>\n<\/section>\n<\/p>\n","protected":false},"excerpt":{"rendered":"","protected":false},"author":1,"featured_media":0,"parent":934,"menu_order":0,"comment_status":"closed","ping_status":"closed","template":"page-templates\/page-wide.php","meta":[],"_links":{"self":[{"href":"https:\/\/www.bellecourpatrimoine.fr\/assurance\/wp-json\/wp\/v2\/pages\/944"}],"collection":[{"href":"https:\/\/www.bellecourpatrimoine.fr\/assurance\/wp-json\/wp\/v2\/pages"}],"about":[{"href":"https:\/\/www.bellecourpatrimoine.fr\/assurance\/wp-json\/wp\/v2\/types\/page"}],"author":[{"embeddable":true,"href":"https:\/\/www.bellecourpatrimoine.fr\/assurance\/wp-json\/wp\/v2\/users\/1"}],"replies":[{"embeddable":true,"href":"https:\/\/www.bellecourpatrimoine.fr\/assurance\/wp-json\/wp\/v2\/comments?post=944"}],"version-history":[{"count":3,"href":"https:\/\/www.bellecourpatrimoine.fr\/assurance\/wp-json\/wp\/v2\/pages\/944\/revisions"}],"predecessor-version":[{"id":1010,"href":"https:\/\/www.bellecourpatrimoine.fr\/assurance\/wp-json\/wp\/v2\/pages\/944\/revisions\/1010"}],"up":[{"embeddable":true,"href":"https:\/\/www.bellecourpatrimoine.fr\/assurance\/wp-json\/wp\/v2\/pages\/934"}],"wp:attachment":[{"href":"https:\/\/www.bellecourpatrimoine.fr\/assurance\/wp-json\/wp\/v2\/media?parent=944"}],"curies":[{"name":"wp","href":"https:\/\/api.w.org\/{rel}","templated":true}]}}