{"id":942,"date":"2016-03-30T11:03:06","date_gmt":"2016-03-30T10:03:06","guid":{"rendered":"http:\/\/www.bellecourpatrimoine.fr\/assurance\/?page_id=324"},"modified":"2016-06-22T14:47:59","modified_gmt":"2016-06-22T13:47:59","slug":"rc-decennale","status":"publish","type":"page","link":"https:\/\/www.bellecourpatrimoine.fr\/assurance\/professionnels\/rc-decennale\/","title":{"rendered":"RC, d\u00e9cennale"},"content":{"rendered":"<p><section class=\"fw-main-row \" style=\"background-color:#42a5e4;\" >\n\t<div class=\"fw-container\">\n\t\t<div class=\"fw-row\">\n\t<div class=\"fw-col-xs-12\">\n\t<section class=\"insurance-headline\"> \n    <div class=\"row\"> \n      <div class=\"col-lg-12\">   \n        <div class=\"titletag\"><h1>Nos services d'assurance d\u00e9di\u00e9s aux professionnels        <\/h1>        <\/div>\n        <div class=\"subtitletag\"><h3>Retrouvez tous les services d'assurance que nous proposons        <\/h3>        <\/div>\n        <div class=\"breadcrumbunyson\">\n                  <\/div>\n      <\/div>\n      <div class=\"single-icons-wrapper col-lg-12\"> \n        <div class=\"single-icons-inner6\">        \n          <a href=\"http:\/\/www.bellecourpatrimoine.fr\/assurance\/professionnels\/mrh\/\" class=\"\"> \n            <div class=\"single-icon\"> \n              <img src=\"http:\/\/www.bellecourpatrimoine.fr\/wp-content\/plugins\/bellecourpatrimoine-theme-custom\/images\/icon-home.png\" alt=\"\"> \n            <\/div>\n            <h4>\n              MRH            <\/h4>\n          <\/a>\n        <\/div>\n        <div class=\"single-icons-inner6\">        \n          <a href=\"http:\/\/www.bellecourpatrimoine.fr\/assurance\/professionnels\/rc-decennale\/\" class=\"active\"> \n            <div class=\"single-icon\"> \n              <img src=\"http:\/\/www.bellecourpatrimoine.fr\/wp-content\/plugins\/bellecourpatrimoine-theme-custom\/images\/icon-business.png\" alt=\"\"> \n            <\/div>\n            <h4>\n              RC, d\u00e9cennale            <\/h4>\n          <\/a>\n        <\/div>\n        <div class=\"single-icons-inner6\">        \n          <a href=\"http:\/\/www.bellecourpatrimoine.fr\/assurance\/professionnels\/auto\/\" class=\"\"> \n            <div class=\"single-icon\"> \n              <img src=\"http:\/\/www.bellecourpatrimoine.fr\/wp-content\/plugins\/bellecourpatrimoine-theme-custom\/images\/icon-car.png\" alt=\"\"> \n            <\/div>\n            <h4>\n              Auto            <\/h4>\n          <\/a>\n        <\/div>\n        <div class=\"single-icons-inner6\">        \n          <a href=\"http:\/\/www.bellecourpatrimoine.fr\/assurance\/professionnels\/prevoyance\/\" class=\"\"> \n            <div class=\"single-icon\"> \n              <img src=\"http:\/\/www.bellecourpatrimoine.fr\/wp-content\/plugins\/bellecourpatrimoine-theme-custom\/images\/icon-luxury1.png\" alt=\"\"> \n            <\/div>\n            <h4>\n              Pr\u00e9voyance            <\/h4>\n          <\/a>\n        <\/div>\n        <div class=\"single-icons-inner6\">        \n          <a href=\"http:\/\/www.bellecourpatrimoine.fr\/assurance\/professionnels\/protection-juridique\/\" class=\"\"> \n            <div class=\"single-icon\"> \n              <img src=\"http:\/\/www.bellecourpatrimoine.fr\/wp-content\/plugins\/bellecourpatrimoine-theme-custom\/images\/icon-safe.png\" alt=\"\"> \n            <\/div>\n            <h4>\n              Protection juridique            <\/h4>\n          <\/a>\n        <\/div>\n        <div class=\"single-icons-inner6\">        \n          <a href=\"http:\/\/www.bellecourpatrimoine.fr\/assurance\/professionnels\/sante-ani\/\" class=\"\"> \n            <div class=\"single-icon\"> \n              <img src=\"http:\/\/www.bellecourpatrimoine.fr\/wp-content\/plugins\/bellecourpatrimoine-theme-custom\/images\/icon-health.png\" alt=\"\"> \n            <\/div>\n            <h4>\n              Sant\u00e9, ANI            <\/h4>\n          <\/a>\n        <\/div>\n      <\/div>\n    <\/div>\n<\/section>\n<\/div>\n<\/div>\n\n\t<\/div>\n<\/section>\n<section class=\"fw-main-row \"  >\n\t<div class=\"fw-container\">\n\t\t<div class=\"fw-row\">\n\t<div class=\"fw-col-xs-12\">\n\t\n\t<div class=\"fw-divider-space\" style=\"padding-top: 80px;\"><\/div>\n<\/div>\n<\/div>\n\n<div class=\"fw-row\">\n\t<div class=\"fw-col-xs-12 fw-col-sm-9\">\n\t<p>Un incendie, un d\u00e9g\u00e2t des eaux, un vol, un bris de glace, une mise en cause... peuvent ralentir ou stopper une activit\u00e9 professionnelle.<\/p><p style=\"box-sizing: border-box; color: #9f9f9f; font-size: 15px; font-family: 'droid sans', arial, sans-serif; line-height: 28.005px; background-color: #ffffff; margin: 0px !important 0px 10px !important 0px;\">En tant que dirigeant d\u2019entreprise, vous recherchez au quotidien des solutions pour garantir et p\u00e9renniser votre activit\u00e9<\/p><p style=\"box-sizing: border-box; color: #9f9f9f; font-size: 15px; font-family: 'droid sans', arial, sans-serif; line-height: 28.005px; background-color: #ffffff; margin: 0px !important 0px 10px !important 0px;\">Pour vous aider, l'Assurance pour tous mets en place des contrats d\u2019assurance multirisque professionnelle complet, modulable comprenant :<\/p><ul style=\"box-sizing: border-box; padding: 0px; line-height: 28.005px; color: #9f9f9f; font-family: 'droid sans', arial, sans-serif; font-size: 15px; background-color: #ffffff; margin: 0px 0px 27px 20px !important;\"><li style=\"box-sizing: border-box; margin: 0px 0px 10px; padding: 0px;\">Assurance de la responsabilit\u00e9 civile,<\/li><li style=\"box-sizing: border-box; margin: 0px 0px 10px; padding: 0px;\">Assurance de la protection juridique,<\/li><li style=\"box-sizing: border-box; margin: 0px 0px 10px; padding: 0px;\">Assurance des locaux professionnels,<\/li><li style=\"box-sizing: border-box; margin: 0px 0px 10px; padding: 0px;\">Assurance du mat\u00e9riel, des stocks et des donn\u00e9es informatiques,<\/li><li style=\"box-sizing: border-box; margin: 0px 0px 10px; padding: 0px;\">Assurance de la protection financi\u00e8re,<\/li><li style=\"box-sizing: border-box; margin: 0px 0px 10px; padding: 0px;\">Assistance compl\u00e8te en cas de sinistre mais \u00e9galement au quotidien.<\/li><\/ul><p style=\"box-sizing: border-box; color: #9f9f9f; font-size: 15px; font-family: 'droid sans', arial, sans-serif; line-height: 28.005px; background-color: #ffffff; margin: 0px !important 0px 10px !important 0px;\"><p style=\"box-sizing: border-box; color: #9f9f9f; font-size: 15px; font-family: 'droid sans', arial, sans-serif; line-height: 28.005px; background-color: #ffffff; margin: 0px !important 0px 10px !important 0px;\">Parce que prot\u00e9ger votre activit\u00e9, c\u2019est essentiel !<\/p><\/div>\n<div class=\"fw-col-xs-12 fw-col-sm-3\">\n\t<p><div class=\"sidebar widgets-style1\"><aside id=\"text-1\" class=\"widget widget_text\"><h3><span>Une question ? Un devis ?<\/span><\/h3>\t\t\t<div class=\"textwidget\"><div class=\"button1 text-center\" style=\"margin: 30px 0 35px 0;\">\n  <a href=\"http:\/\/www.bellecourpatrimoine.fr\/contact\/\" target=\"_self\" rel=\"noopener\">Contactez-nous<\/a>\n<\/div>\n<div class=\"CTAcircles\">\n<div class=\"circle-1 circle-pulse\"><\/div>\n<div class=\"circle-2 circle-pulse\"><\/div>\n<div class=\"circle-3 circle-pulse\"><\/div>\n<div class=\"circle-4 circle-pulse\"><\/div>\n<p>    <a href=\"tel:+33472400862\"><\/p>\n<div class=\"circle-center\">\n<div class=\"circle-center-tip\">Appelez-nous<br \/><strong>04 72 40 08 62<\/strong><\/div>\n<p>            <i class=\"fa fa-phone\"><\/i>\n        <\/div>\n<p>    <\/a>\n<\/div>\n<\/div>\n\t\t<\/aside><aside id=\"nav_menu-2\" class=\"widget widget_nav_menu\"><h3><span>Nos accompagnements<\/span><\/h3><div class=\"menu-menu-particuliers-container\"><ul id=\"menu-menu-particuliers\" class=\"menu\"><li id=\"menu-item-958\" class=\"menu-item menu-item-type-post_type menu-item-object-page menu-item-958\"><a href=\"https:\/\/www.bellecourpatrimoine.fr\/assurance\/particuliers\/sante-complementaire-voyage-expat\/\">Sant\u00e9, compl\u00e9mentaire, voyage, expat&#8230;<\/a><\/li>\n<li id=\"menu-item-358\" class=\"menu-item menu-item-type-post_type menu-item-object-page menu-item-358\"><a href=\"https:\/\/www.bellecourpatrimoine.fr\/assurance\/particuliers\/assurance-de-pret\/\">Assurance de pr\u00eat<\/a><\/li>\n<li id=\"menu-item-953\" class=\"menu-item menu-item-type-post_type menu-item-object-page menu-item-953\"><a href=\"https:\/\/www.bellecourpatrimoine.fr\/assurance\/particuliers\/auto-bon-conducteur-malusse-resilie-retrait-non-paiement\/\">Auto<\/a><\/li>\n<li id=\"menu-item-954\" class=\"menu-item menu-item-type-post_type menu-item-object-page menu-item-954\"><a href=\"https:\/\/www.bellecourpatrimoine.fr\/assurance\/particuliers\/habitation-locataire-proprietaire\/\">Habitation<\/a><\/li>\n<li id=\"menu-item-957\" class=\"menu-item menu-item-type-post_type menu-item-object-page menu-item-957\"><a href=\"https:\/\/www.bellecourpatrimoine.fr\/assurance\/particuliers\/prevoyance-obseque-mobilite\/\">Pr\u00e9voyance, obs\u00e8que, mobilit\u00e9<\/a><\/li>\n<li id=\"menu-item-952\" class=\"menu-item menu-item-type-post_type menu-item-object-page menu-item-952\"><a href=\"https:\/\/www.bellecourpatrimoine.fr\/assurance\/particuliers\/animaux-chat-chien-rongeur-oiseaux\/\">Animaux<\/a><\/li>\n<li id=\"menu-item-956\" class=\"menu-item menu-item-type-post_type menu-item-object-page menu-item-956\"><a href=\"https:\/\/www.bellecourpatrimoine.fr\/assurance\/particuliers\/moto-scooter-quad-moto\/\">Moto, scooter, quad<\/a><\/li>\n<li id=\"menu-item-955\" class=\"menu-item menu-item-type-post_type menu-item-object-page menu-item-955\"><a href=\"https:\/\/www.bellecourpatrimoine.fr\/assurance\/particuliers\/loisirs-bateaux-peches-chasse-sport-extreme\/\">Loisirs<\/a><\/li>\n<\/ul><\/div><\/aside><aside id=\"nav_menu-3\" class=\"widget widget_nav_menu\"><h3><span>Nos accompagnements<\/span><\/h3><div class=\"menu-menu-professionnels-container\"><ul id=\"menu-menu-professionnels\" class=\"menu\"><li id=\"menu-item-947\" class=\"menu-item menu-item-type-post_type menu-item-object-page menu-item-947\"><a href=\"https:\/\/www.bellecourpatrimoine.fr\/assurance\/professionnels\/mrh\/\">MRH<\/a><\/li>\n<li id=\"menu-item-950\" class=\"menu-item menu-item-type-post_type menu-item-object-page menu-item-950\"><a href=\"https:\/\/www.bellecourpatrimoine.fr\/assurance\/professionnels\/rc-decennale\/\">RC, d\u00e9cennale<\/a><\/li>\n<li id=\"menu-item-946\" class=\"menu-item menu-item-type-post_type menu-item-object-page menu-item-946\"><a href=\"https:\/\/www.bellecourpatrimoine.fr\/assurance\/professionnels\/auto\/\">Auto<\/a><\/li>\n<li id=\"menu-item-948\" class=\"menu-item menu-item-type-post_type menu-item-object-page menu-item-948\"><a href=\"https:\/\/www.bellecourpatrimoine.fr\/assurance\/professionnels\/prevoyance\/\">Pr\u00e9voyance<\/a><\/li>\n<li id=\"menu-item-949\" class=\"menu-item menu-item-type-post_type menu-item-object-page menu-item-949\"><a href=\"https:\/\/www.bellecourpatrimoine.fr\/assurance\/professionnels\/protection-juridique\/\">Protection juridique<\/a><\/li>\n<li id=\"menu-item-951\" class=\"menu-item menu-item-type-post_type menu-item-object-page menu-item-951\"><a href=\"https:\/\/www.bellecourpatrimoine.fr\/assurance\/professionnels\/sante-ani\/\">Sant\u00e9, ANI<\/a><\/li>\n<\/ul><\/div><\/aside><aside id=\"search-2\" class=\"widget widget_search\"><form role=\"search\" method=\"get\" id=\"searchform\" class=\"searchform\" action=\"https:\/\/www.bellecourpatrimoine.fr\/assurance\/\">\r\n  <input type=\"text\" placeholder=\"search\" value=\"\" name=\"s\" id=\"s\" \/>\r\n  <input type=\"submit\" id=\"searchsubmit\" value=\"\" \/>\r\n<\/form><\/aside><aside id=\"archives-2\" class=\"widget widget_archive\"><h3><span>Archives<\/span><\/h3>\n\t\t\t<ul>\n\t\t\t\t\t\t\t<\/ul>\n\n\t\t\t<\/aside><aside id=\"categories-2\" class=\"widget widget_categories\"><h3><span>Cat\u00e9gories<\/span><\/h3>\n\t\t\t<ul>\n\t\t\t\t<li class=\"cat-item-none\">Aucune cat\u00e9gorie<\/li>\t\t\t<\/ul>\n\n\t\t\t<\/aside><\/div><\/p><\/div>\n<\/div>\n\n<div class=\"fw-row\">\n\t<div class=\"fw-col-xs-12\">\n\t\n<\/div>\n<\/div>\n\n\t<\/div>\n<\/section>\n<\/p>\n","protected":false},"excerpt":{"rendered":"","protected":false},"author":1,"featured_media":0,"parent":934,"menu_order":0,"comment_status":"closed","ping_status":"closed","template":"page-templates\/page-wide.php","meta":[],"_links":{"self":[{"href":"https:\/\/www.bellecourpatrimoine.fr\/assurance\/wp-json\/wp\/v2\/pages\/942"}],"collection":[{"href":"https:\/\/www.bellecourpatrimoine.fr\/assurance\/wp-json\/wp\/v2\/pages"}],"about":[{"href":"https:\/\/www.bellecourpatrimoine.fr\/assurance\/wp-json\/wp\/v2\/types\/page"}],"author":[{"embeddable":true,"href":"https:\/\/www.bellecourpatrimoine.fr\/assurance\/wp-json\/wp\/v2\/users\/1"}],"replies":[{"embeddable":true,"href":"https:\/\/www.bellecourpatrimoine.fr\/assurance\/wp-json\/wp\/v2\/comments?post=942"}],"version-history":[{"count":8,"href":"https:\/\/www.bellecourpatrimoine.fr\/assurance\/wp-json\/wp\/v2\/pages\/942\/revisions"}],"predecessor-version":[{"id":1019,"href":"https:\/\/www.bellecourpatrimoine.fr\/assurance\/wp-json\/wp\/v2\/pages\/942\/revisions\/1019"}],"up":[{"embeddable":true,"href":"https:\/\/www.bellecourpatrimoine.fr\/assurance\/wp-json\/wp\/v2\/pages\/934"}],"wp:attachment":[{"href":"https:\/\/www.bellecourpatrimoine.fr\/assurance\/wp-json\/wp\/v2\/media?parent=942"}],"curies":[{"name":"wp","href":"https:\/\/api.w.org\/{rel}","templated":true}]}}